{"id":224,"date":"2023-03-31T00:45:26","date_gmt":"2023-03-31T00:45:26","guid":{"rendered":"https:\/\/listingprofis.net\/inconbau\/?page_id=224"},"modified":"2024-02-18T15:23:31","modified_gmt":"2024-02-18T15:23:31","slug":"spanndecken","status":"publish","type":"page","link":"https:\/\/inconbau.listingprofis.site\/kk\/spanndecken\/","title":{"rendered":"\u0421\u043e\u0437\u044b\u043b\u0493\u0430\u043d \u0442\u04e9\u0431\u0435\u043b\u0435\u0440"},"content":{"rendered":"<div data-elementor-type=\"wp-page\" data-elementor-id=\"224\" class=\"elementor elementor-224\" data-elementor-post-type=\"page\">\n\t\t\t\t\t\t<section class=\"elementor-section elementor-top-section elementor-element elementor-element-1b5f1c7 elementor-section-boxed elementor-section-height-default elementor-section-height-default\" data-id=\"1b5f1c7\" data-element_type=\"section\" data-e-type=\"section\" data-settings=\"{&quot;background_background&quot;:&quot;classic&quot;}\">\n\t\t\t\t\t\t\t<div class=\"elementor-background-overlay\"><\/div>\n\t\t\t\t\t\t\t<div class=\"elementor-container elementor-column-gap-default\">\n\t\t\t\t\t<div class=\"elementor-column elementor-col-100 elementor-top-column elementor-element elementor-element-2efed80\" data-id=\"2efed80\" data-element_type=\"column\" data-e-type=\"column\">\n\t\t\t<div class=\"elementor-widget-wrap elementor-element-populated\">\n\t\t\t\t\t\t<div class=\"elementor-element elementor-element-68e02ab elementor-widget elementor-widget-heading\" data-id=\"68e02ab\" data-element_type=\"widget\" data-e-type=\"widget\" data-widget_type=\"heading.default\">\n\t\t\t\t<div class=\"elementor-widget-container\">\n\t\t\t\t\t<h1 class=\"elementor-heading-title elementor-size-default\">\u0421\u043e\u0437\u044b\u043b\u0493\u0430\u043d \u0442\u04e9\u0431\u0435\u043b\u0435\u0440<\/h1>\t\t\t\t<\/div>\n\t\t\t\t<\/div>\n\t\t\t\t\t<\/div>\n\t\t<\/div>\n\t\t\t\t\t<\/div>\n\t\t<\/section>\n\t\t\t\t<section class=\"elementor-section elementor-top-section elementor-element elementor-element-fea0f61 elementor-section-boxed elementor-section-height-default elementor-section-height-default\" data-id=\"fea0f61\" data-element_type=\"section\" data-e-type=\"section\">\n\t\t\t\t\t\t<div class=\"elementor-container elementor-column-gap-default\">\n\t\t\t\t\t<div class=\"elementor-column elementor-col-100 elementor-top-column elementor-element elementor-element-58a4d9c elementor-invisible\" data-id=\"58a4d9c\" data-element_type=\"column\" data-e-type=\"column\" data-settings=\"{&quot;animation&quot;:&quot;fadeInUp&quot;}\">\n\t\t\t<div class=\"elementor-widget-wrap elementor-element-populated\">\n\t\t\t\t\t\t<div class=\"elementor-element elementor-element-a146040 elementor-widget elementor-widget-heading\" data-id=\"a146040\" data-element_type=\"widget\" data-e-type=\"widget\" data-widget_type=\"heading.default\">\n\t\t\t\t<div class=\"elementor-widget-container\">\n\t\t\t\t\t<h2 class=\"elementor-heading-title elementor-size-default\">Incon Bau \u043a\u04e9\u043c\u0435\u0433\u0456\u043c\u0435\u043d \u0442\u04e9\u0431\u0435\u043d\u0456\u04a3 \u0448\u044b\u0493\u0430\u0440\u043c\u0430\u0448\u044b\u043b\u044b\u049b \u0434\u0438\u0437\u0430\u0439\u043d\u044b - \u0442\u0430\u043f\u0441\u044b\u0440\u044b\u0441 \u0431\u043e\u0439\u044b\u043d\u0448\u0430 \u0441\u043e\u0437\u044b\u043b\u0493\u0430\u043d \u0442\u04e9\u0431\u0435\u043b\u0435\u0440<\/h2>\t\t\t\t<\/div>\n\t\t\t\t<\/div>\n\t\t\t\t<div class=\"elementor-element elementor-element-1f47e1c elementor-widget elementor-widget-text-editor\" data-id=\"1f47e1c\" data-element_type=\"widget\" data-e-type=\"widget\" data-widget_type=\"text-editor.default\">\n\t\t\t\t<div class=\"elementor-widget-container\">\n\t\t\t\t\t\t\t\t\t<p>\u0421\u043e\u0437\u044b\u043b\u0493\u0430\u043d \u0442\u04e9\u0431\u0435\u043d\u0456\u04a3 \u043a\u04e9\u043c\u0435\u0433\u0456\u043c\u0435\u043d \u0431\u0456\u0437 \u0441\u0456\u0437\u0434\u0456\u04a3 \u04af\u0439\u0456\u04a3\u0456\u0437\u0433\u0435 \u043d\u0435\u043c\u0435\u0441\u0435 \u043a\u0435\u04a3\u0441\u0435\u04a3\u0456\u0437\u0433\u0435 \u0442\u0430\u043c\u0430\u0448\u0430 \u0448\u0435\u0448\u0456\u043c \u0442\u0430\u0431\u0430\u043c\u044b\u0437. \u0422\u04e9\u0431\u0435\u043d\u0456\u04a3 \u0434\u0438\u0437\u0430\u0439\u043d\u044b\u043d\u0430 \u0431\u04b1\u043b \u0437\u0430\u043c\u0430\u043d\u0430\u0443\u0438 \u0431\u0430\u043b\u0430\u043c\u0430 \u0441\u0456\u0437\u0433\u0435 \u0434\u0430\u0440\u0430\u043b\u044b\u049b \u043f\u0435\u043d \u0436\u0430\u043d-\u0436\u0430\u049b\u0442\u044b\u043b\u044b\u049b\u0442\u044b \u04b1\u0441\u044b\u043d\u0430\u0434\u044b. \u0421\u0456\u0437\u0434\u0456\u04a3 \u0442\u0456\u043b\u0435\u043a\u0442\u0435\u0440\u0456\u04a3\u0456\u0437 \u0456\u0441 \u0436\u04af\u0437\u0456\u043d\u0434\u0435 \u0448\u0435\u043a\u0441\u0456\u0437. \u049a\u0430\u0440\u0430\u043f\u0430\u0439\u044b\u043c \u043d\u0435\u043c\u0435\u0441\u0435 \u0435\u0440\u0435\u043a\u0448\u0435, \u043a\u0435\u0441\u043a\u0456\u043d\u0434\u0456 \u0431\u0430\u0441\u044b\u043f \u0448\u044b\u0493\u0430\u0440\u0443 \u043d\u0435\u043c\u0435\u0441\u0435 \u0431\u0456\u0440 \u0442\u04af\u0441\u0442\u0456 \u0431\u043e\u043b\u0441\u044b\u043d, \u0431\u0430\u0440\u043b\u044b\u0493\u044b \u0434\u0435\u0440\u043b\u0456\u043a \u043c\u04af\u043c\u043a\u0456\u043d. \u041c\u044b\u0441\u0430\u043b\u044b, \u0435\u0441\u043a\u0456 \u043d\u0435\u043c\u0435\u0441\u0435 \u0442\u044b\u043c \u0431\u0438\u0456\u043a \u0442\u04e9\u0431\u0435\u043b\u0435\u0440\u0434\u0456 \u0436\u0430\u0431\u0443 \u04af\u0448\u0456\u043d T\u00dcV-\u0441\u044b\u043d\u0430\u043b\u0493\u0430\u043d \u041f\u0412\u0425 \u043f\u043b\u0435\u043d\u043a\u0430\u043b\u0430\u0440\u044b\u043d\u0430\u043d \u0436\u0430\u0441\u0430\u043b\u0493\u0430\u043d, \u04d9\u043c\u0431\u0435\u0431\u0430\u043f \u0436\u04d9\u043d\u0435 \u043a\u04af\u0440\u0434\u0435\u043b\u0456 \u0435\u043c\u0435\u0441, CE \u0441\u0435\u0440\u0442\u0438\u0444\u0438\u043a\u0430\u0442\u044b \u0431\u0430\u0440 \u0441\u043e\u0437\u044b\u043b\u0430\u0442\u044b\u043d \u0442\u04e9\u0431\u0435\u043b\u0435\u0440\u0434\u0456 \u043f\u0430\u0439\u0434\u0430\u043b\u0430\u043d\u044b\u04a3\u044b\u0437. \u041e\u043b\u0430\u0440\u0434\u044b \u0442\u0435\u0437 \u0436\u04d9\u043d\u0435 \u043a\u0435\u0434\u0435\u0440\u0433\u0456 \u0436\u0430\u0441\u0430\u043c\u0430\u0439 \u043e\u0440\u043d\u0430\u0442\u0443\u0493\u0430 \u0431\u043e\u043b\u0430\u0434\u044b \u0436\u04d9\u043d\u0435 \u0431\u04e9\u043b\u043c\u0435 \u0430\u043a\u0443\u0441\u0442\u0438\u043a\u0430\u0441\u044b\u043d \u0436\u0430\u049b\u0441\u0430\u0440\u0442\u0443\u0493\u0430 \u0431\u043e\u043b\u0430\u0434\u044b. \u0421\u043e\u0437\u044b\u043b\u0493\u0430\u043d \u0442\u04e9\u0431\u0435\u043b\u0435\u0440\u0434\u0456 \u043e\u0440\u043d\u0430\u0442\u043f\u0430\u0441 \u0431\u04b1\u0440\u044b\u043d \u0448\u0430\u043c\u0434\u0430\u0440\u0434\u044b \u043e\u0440\u043d\u0430\u0442\u0443 \u0430\u0440\u049b\u044b\u043b\u044b \u0436\u0430\u043d\u0430\u043c\u0430 \u0436\u0430\u0440\u044b\u049b\u0442\u0430\u043d\u0434\u044b\u0440\u0443\u0434\u044b \u0436\u0430\u0441\u0430\u0443\u0493\u0430 \u0431\u043e\u043b\u0430\u0434\u044b. \u0421\u043e\u043d\u044b\u043c\u0435\u043d \u049b\u0430\u0442\u0430\u0440, \u0431\u04b1\u043b \u0442\u04e9\u0431\u0435\u043b\u0435\u0440 \u043e\u0442\u049b\u0430 \u0442\u04e9\u0437\u0456\u043c\u0434\u0456, \u0442\u0430\u0437\u0430\u043b\u0430\u0443 \u043e\u04a3\u0430\u0439 \u0436\u04d9\u043d\u0435 \u043a\u04e9\u0433\u0435\u0440\u0443\u0433\u0435 \u0442\u04e9\u0437\u0456\u043c\u0434\u0456. \u0411\u04b1\u043b \u043b\u0430\u0441\u0442\u0430\u0443\u0448\u044b \u0437\u0430\u0442\u0442\u0430\u0440\u043c\u0435\u043d \u0441\u044b\u043d\u0430\u043b\u0493\u0430\u043d \u0441\u043e\u0437\u044b\u043b\u0493\u0430\u043d \u0442\u04e9\u0431\u0435\u043b\u0435\u0440 \u0430\u043b\u043b\u0435\u0440\u0433\u0438\u044f\u043c\u0435\u043d \u0430\u0443\u044b\u0440\u0430\u0442\u044b\u043d\u0434\u0430\u0440 \u04af\u0448\u0456\u043d \u0434\u0435 \u04e9\u0442\u0435 \u049b\u043e\u043b\u0430\u0439\u043b\u044b.\u00a0<\/p>\t\t\t\t\t\t\t\t<\/div>\n\t\t\t\t<\/div>\n\t\t\t\t\t<\/div>\n\t\t<\/div>\n\t\t\t\t\t<\/div>\n\t\t<\/section>\n\t\t\t\t<section class=\"elementor-section elementor-top-section elementor-element elementor-element-f795f2f elementor-section-content-middle elementor-section-boxed elementor-section-height-default elementor-section-height-default\" data-id=\"f795f2f\" data-element_type=\"section\" data-e-type=\"section\" data-settings=\"{&quot;background_background&quot;:&quot;classic&quot;}\">\n\t\t\t\t\t\t<div class=\"elementor-container elementor-column-gap-default\">\n\t\t\t\t\t<div class=\"elementor-column elementor-col-66 elementor-top-column elementor-element elementor-element-dc305ca elementor-invisible\" data-id=\"dc305ca\" data-element_type=\"column\" data-e-type=\"column\" data-settings=\"{&quot;animation&quot;:&quot;fadeInUp&quot;}\">\n\t\t\t<div class=\"elementor-widget-wrap elementor-element-populated\">\n\t\t\t\t\t\t<div class=\"elementor-element elementor-element-90c9737 elementor-widget elementor-widget-heading\" data-id=\"90c9737\" data-element_type=\"widget\" data-e-type=\"widget\" data-widget_type=\"heading.default\">\n\t\t\t\t<div class=\"elementor-widget-container\">\n\t\t\t\t\t<h4 class=\"elementor-heading-title elementor-size-default\">\u041a\u0435\u043b\u0435\u0441\u0456 \u049b\u04b1\u0440\u044b\u043b\u044b\u0441 \u0436\u043e\u0431\u0430\u04a3\u044b\u0437 \u04af\u0448\u0456\u043d \u0431\u0456\u0437\u0433\u0435 \u0445\u0430\u0431\u0430\u0440\u043b\u0430\u0441\u044b\u04a3\u044b\u0437!<\/h4>\t\t\t\t<\/div>\n\t\t\t\t<\/div>\n\t\t\t\t<div class=\"elementor-element elementor-element-f72e337 elementor-widget elementor-widget-text-editor\" data-id=\"f72e337\" data-element_type=\"widget\" data-e-type=\"widget\" data-widget_type=\"text-editor.default\">\n\t\t\t\t<div class=\"elementor-widget-container\">\n\t\t\t\t\t\t\t\t\t<p>Incon Bau \u0436\u044b\u043b\u044b\u0442\u0443 \u0436\u04d9\u043d\u0435 \u0441\u0430\u043d\u0442\u0435\u0445\u043d\u0438\u043a\u0430\u043b\u044b\u049b \u049b\u043e\u043d\u0434\u044b\u0440\u0493\u044b\u043b\u0430\u0440\u0434\u0430\u043d \u0441\u043e\u0437\u044b\u043b\u0493\u0430\u043d \u0442\u04e9\u0431\u0435\u043b\u0435\u0440 \u043c\u0435\u043d \u043a\u04af\u043d \u0431\u0430\u0442\u0430\u0440\u0435\u044f\u043b\u0430\u0440\u044b\u043d\u0430 \u0434\u0435\u0439\u0456\u043d \u049b\u04b1\u0440\u044b\u043b\u044b\u0441 \u049b\u044b\u0437\u043c\u0435\u0442\u0442\u0435\u0440\u0456\u043d\u0456\u04a3 \u043a\u0435\u04a3 \u0441\u043f\u0435\u043a\u0442\u0440\u0456\u043d \u04b1\u0441\u044b\u043d\u0430\u0434\u044b. \u0411\u0456\u0437 \u0441\u0456\u0437\u0434\u0456\u04a3 \u043a\u0435\u043b\u0435\u0441\u0456 \u049b\u04b1\u0440\u044b\u043b\u044b\u0441 \u0436\u043e\u0431\u0430\u04a3\u044b\u0437\u0434\u044b \u043a\u04d9\u0441\u0456\u0431\u0438 \u0436\u04d9\u043d\u0435 \u0442\u0438\u0456\u043c\u0434\u0456 \u0442\u04af\u0440\u0434\u0435 \u0436\u04af\u0437\u0435\u0433\u0435 \u0430\u0441\u044b\u0440\u0443\u0493\u0430 \u0434\u0430\u0439\u044b\u043d\u0431\u044b\u0437.<\/p>\t\t\t\t\t\t\t\t<\/div>\n\t\t\t\t<\/div>\n\t\t\t\t\t<\/div>\n\t\t<\/div>\n\t\t\t\t<div class=\"elementor-column elementor-col-33 elementor-top-column elementor-element elementor-element-4a75b45\" data-id=\"4a75b45\" data-element_type=\"column\" data-e-type=\"column\">\n\t\t\t<div class=\"elementor-widget-wrap elementor-element-populated\">\n\t\t\t\t\t\t<div class=\"elementor-element elementor-element-ff30368 elementor-mobile-align-left elementor-invisible elementor-widget elementor-widget-button\" data-id=\"ff30368\" data-element_type=\"widget\" data-e-type=\"widget\" data-settings=\"{&quot;_animation&quot;:&quot;zoomIn&quot;}\" data-widget_type=\"button.default\">\n\t\t\t\t<div class=\"elementor-widget-container\">\n\t\t\t\t\t\t\t\t\t<div class=\"elementor-button-wrapper\">\n\t\t\t\t\t<a class=\"elementor-button elementor-button-link elementor-size-sm elementor-animation-grow\" href=\"https:\/\/inconbau.listingprofis.site\/kk\/kontakt\/\">\n\t\t\t\t\t\t<span class=\"elementor-button-content-wrapper\">\n\t\t\t\t\t\t\t\t\t<span class=\"elementor-button-text\">\u0411\u0430\u0493\u0430 \u0430\u043b\u0443 \u04af\u0448\u0456\u043d \u049b\u0430\u0437\u0456\u0440 \u0431\u0456\u0437\u0433\u0435 \u0445\u0430\u0431\u0430\u0440\u043b\u0430\u0441\u044b\u04a3\u044b\u0437!<\/span>\n\t\t\t\t\t<\/span>\n\t\t\t\t\t<\/a>\n\t\t\t\t<\/div>\n\t\t\t\t\t\t\t\t<\/div>\n\t\t\t\t<\/div>\n\t\t\t\t\t<\/div>\n\t\t<\/div>\n\t\t\t\t\t<\/div>\n\t\t<\/section>\n\t\t\t\t<\/div>","protected":false},"excerpt":{"rendered":"<p>Kreative Deckengestaltung mit Incon Bau &#8211; Spanndecken nach Ma\u00df Mit einer Spanndecke finden wir die ganz individuelle L\u00f6sung f\u00fcr Ihr zu Hause oder B\u00fcro. Diese moderne Alternative der Deckengestaltung bietet Ihnen Individualit\u00e4t und Vielseitigkeit. Ihren W\u00fcnschen sind fast keine Grenzen gesetzt. Ob schlicht oder ausgefallen, mit Bilddruck oder einfarbig, fast alles ist m\u00f6glich. Nutzen Sie [&hellip;]<\/p>","protected":false},"author":1,"featured_media":0,"parent":0,"menu_order":0,"comment_status":"closed","ping_status":"closed","template":"","meta":{"footnotes":""},"class_list":["post-224","page","type-page","status-publish","hentry"],"yoast_head":"<!-- This site is optimized with the Yoast SEO plugin v27.4 - https:\/\/yoast.com\/product\/yoast-seo-wordpress\/ -->\n<title>Spanndecken - Inconbau<\/title>\n<meta name=\"robots\" content=\"noindex, follow, max-snippet:-1, max-image-preview:large, max-video-preview:-1\" \/>\n<meta property=\"og:locale\" content=\"en_US\" \/>\n<meta property=\"og:type\" content=\"article\" \/>\n<meta property=\"og:title\" content=\"Spanndecken - Inconbau\" \/>\n<meta property=\"og:description\" content=\"Kreative Deckengestaltung mit Incon Bau &#8211; Spanndecken nach Ma\u00df Mit einer Spanndecke finden wir die ganz individuelle L\u00f6sung f\u00fcr Ihr zu Hause oder B\u00fcro. Diese moderne Alternative der Deckengestaltung bietet Ihnen Individualit\u00e4t und Vielseitigkeit. Ihren W\u00fcnschen sind fast keine Grenzen gesetzt. Ob schlicht oder ausgefallen, mit Bilddruck oder einfarbig, fast alles ist m\u00f6glich. Nutzen Sie [&hellip;]\" \/>\n<meta property=\"og:url\" content=\"https:\/\/inconbau.listingprofis.site\/kk\/spanndecken\/\" \/>\n<meta property=\"og:site_name\" content=\"Inconbau\" \/>\n<meta property=\"article:publisher\" content=\"https:\/\/facebook.com\/InconBau\/\" \/>\n<meta property=\"article:modified_time\" content=\"2024-02-18T15:23:31+00:00\" \/>\n<meta name=\"twitter:card\" content=\"summary_large_image\" \/>\n<meta name=\"twitter:label1\" content=\"Est. reading time\" \/>\n\t<meta name=\"twitter:data1\" content=\"1 \u043c\u0438\u043d\u0443\u0442\u0430\" \/>\n<script type=\"application\/ld+json\" class=\"yoast-schema-graph\">{\"@context\":\"https:\\\/\\\/schema.org\",\"@graph\":[{\"@type\":\"WebPage\",\"@id\":\"https:\\\/\\\/inconbau.listingprofis.site\\\/spanndecken\\\/\",\"url\":\"https:\\\/\\\/inconbau.listingprofis.site\\\/spanndecken\\\/\",\"name\":\"Spanndecken - Inconbau\",\"isPartOf\":{\"@id\":\"https:\\\/\\\/inconbau.listingprofis.site\\\/#website\"},\"datePublished\":\"2023-03-31T00:45:26+00:00\",\"dateModified\":\"2024-02-18T15:23:31+00:00\",\"breadcrumb\":{\"@id\":\"https:\\\/\\\/inconbau.listingprofis.site\\\/spanndecken\\\/#breadcrumb\"},\"inLanguage\":\"ru-RU\",\"potentialAction\":[{\"@type\":\"ReadAction\",\"target\":[\"https:\\\/\\\/inconbau.listingprofis.site\\\/spanndecken\\\/\"]}]},{\"@type\":\"BreadcrumbList\",\"@id\":\"https:\\\/\\\/inconbau.listingprofis.site\\\/spanndecken\\\/#breadcrumb\",\"itemListElement\":[{\"@type\":\"ListItem\",\"position\":1,\"name\":\"Home\",\"item\":\"https:\\\/\\\/inconbau.listingprofis.site\\\/\"},{\"@type\":\"ListItem\",\"position\":2,\"name\":\"Spanndecken\"}]},{\"@type\":\"WebSite\",\"@id\":\"https:\\\/\\\/inconbau.listingprofis.site\\\/#website\",\"url\":\"https:\\\/\\\/inconbau.listingprofis.site\\\/\",\"name\":\"Inconbau\",\"description\":\"Ihr exklusiver Handwerker\",\"publisher\":{\"@id\":\"https:\\\/\\\/inconbau.listingprofis.site\\\/#organization\"},\"potentialAction\":[{\"@type\":\"SearchAction\",\"target\":{\"@type\":\"EntryPoint\",\"urlTemplate\":\"https:\\\/\\\/inconbau.listingprofis.site\\\/?s={search_term_string}\"},\"query-input\":{\"@type\":\"PropertyValueSpecification\",\"valueRequired\":true,\"valueName\":\"search_term_string\"}}],\"inLanguage\":\"ru-RU\"},{\"@type\":\"Organization\",\"@id\":\"https:\\\/\\\/inconbau.listingprofis.site\\\/#organization\",\"name\":\"Inconbau\",\"url\":\"https:\\\/\\\/inconbau.listingprofis.site\\\/\",\"logo\":{\"@type\":\"ImageObject\",\"inLanguage\":\"ru-RU\",\"@id\":\"https:\\\/\\\/inconbau.listingprofis.site\\\/#\\\/schema\\\/logo\\\/image\\\/\",\"url\":\"https:\\\/\\\/inconbau.listingprofis.site\\\/wp-content\\\/uploads\\\/2023\\\/03\\\/horizontal-jpeg.jpg\",\"contentUrl\":\"https:\\\/\\\/inconbau.listingprofis.site\\\/wp-content\\\/uploads\\\/2023\\\/03\\\/horizontal-jpeg.jpg\",\"width\":1054,\"height\":272,\"caption\":\"Inconbau\"},\"image\":{\"@id\":\"https:\\\/\\\/inconbau.listingprofis.site\\\/#\\\/schema\\\/logo\\\/image\\\/\"},\"sameAs\":[\"https:\\\/\\\/facebook.com\\\/InconBau\\\/\",\"https:\\\/\\\/www.instagram.com\\\/inconbau\\\/\"]}]}<\/script>\n<!-- \/ Yoast SEO plugin. -->","yoast_head_json":{"title":"Spanndecken - Inconbau","robots":{"index":"noindex","follow":"follow","max-snippet":"max-snippet:-1","max-image-preview":"max-image-preview:large","max-video-preview":"max-video-preview:-1"},"og_locale":"en_US","og_type":"article","og_title":"Spanndecken - Inconbau","og_description":"Kreative Deckengestaltung mit Incon Bau &#8211; Spanndecken nach Ma\u00df Mit einer Spanndecke finden wir die ganz individuelle L\u00f6sung f\u00fcr Ihr zu Hause oder B\u00fcro. Diese moderne Alternative der Deckengestaltung bietet Ihnen Individualit\u00e4t und Vielseitigkeit. Ihren W\u00fcnschen sind fast keine Grenzen gesetzt. Ob schlicht oder ausgefallen, mit Bilddruck oder einfarbig, fast alles ist m\u00f6glich. Nutzen Sie [&hellip;]","og_url":"https:\/\/inconbau.listingprofis.site\/kk\/spanndecken\/","og_site_name":"Inconbau","article_publisher":"https:\/\/facebook.com\/InconBau\/","article_modified_time":"2024-02-18T15:23:31+00:00","twitter_card":"summary_large_image","twitter_misc":{"Est. reading time":"1 \u043c\u0438\u043d\u0443\u0442\u0430"},"schema":{"@context":"https:\/\/schema.org","@graph":[{"@type":"WebPage","@id":"https:\/\/inconbau.listingprofis.site\/spanndecken\/","url":"https:\/\/inconbau.listingprofis.site\/spanndecken\/","name":"Spanndecken - Inconbau","isPartOf":{"@id":"https:\/\/inconbau.listingprofis.site\/#website"},"datePublished":"2023-03-31T00:45:26+00:00","dateModified":"2024-02-18T15:23:31+00:00","breadcrumb":{"@id":"https:\/\/inconbau.listingprofis.site\/spanndecken\/#breadcrumb"},"inLanguage":"ru-RU","potentialAction":[{"@type":"ReadAction","target":["https:\/\/inconbau.listingprofis.site\/spanndecken\/"]}]},{"@type":"BreadcrumbList","@id":"https:\/\/inconbau.listingprofis.site\/spanndecken\/#breadcrumb","itemListElement":[{"@type":"ListItem","position":1,"name":"Home","item":"https:\/\/inconbau.listingprofis.site\/"},{"@type":"ListItem","position":2,"name":"Spanndecken"}]},{"@type":"WebSite","@id":"https:\/\/inconbau.listingprofis.site\/#website","url":"https:\/\/inconbau.listingprofis.site\/","name":"Inconbau","description":"Ihr exklusiver Handwerker","publisher":{"@id":"https:\/\/inconbau.listingprofis.site\/#organization"},"potentialAction":[{"@type":"SearchAction","target":{"@type":"EntryPoint","urlTemplate":"https:\/\/inconbau.listingprofis.site\/?s={search_term_string}"},"query-input":{"@type":"PropertyValueSpecification","valueRequired":true,"valueName":"search_term_string"}}],"inLanguage":"ru-RU"},{"@type":"Organization","@id":"https:\/\/inconbau.listingprofis.site\/#organization","name":"Inconbau","url":"https:\/\/inconbau.listingprofis.site\/","logo":{"@type":"ImageObject","inLanguage":"ru-RU","@id":"https:\/\/inconbau.listingprofis.site\/#\/schema\/logo\/image\/","url":"https:\/\/inconbau.listingprofis.site\/wp-content\/uploads\/2023\/03\/horizontal-jpeg.jpg","contentUrl":"https:\/\/inconbau.listingprofis.site\/wp-content\/uploads\/2023\/03\/horizontal-jpeg.jpg","width":1054,"height":272,"caption":"Inconbau"},"image":{"@id":"https:\/\/inconbau.listingprofis.site\/#\/schema\/logo\/image\/"},"sameAs":["https:\/\/facebook.com\/InconBau\/","https:\/\/www.instagram.com\/inconbau\/"]}]}},"_links":{"self":[{"href":"https:\/\/inconbau.listingprofis.site\/kk\/wp-json\/wp\/v2\/pages\/224","targetHints":{"allow":["GET"]}}],"collection":[{"href":"https:\/\/inconbau.listingprofis.site\/kk\/wp-json\/wp\/v2\/pages"}],"about":[{"href":"https:\/\/inconbau.listingprofis.site\/kk\/wp-json\/wp\/v2\/types\/page"}],"author":[{"embeddable":true,"href":"https:\/\/inconbau.listingprofis.site\/kk\/wp-json\/wp\/v2\/users\/1"}],"replies":[{"embeddable":true,"href":"https:\/\/inconbau.listingprofis.site\/kk\/wp-json\/wp\/v2\/comments?post=224"}],"version-history":[{"count":5,"href":"https:\/\/inconbau.listingprofis.site\/kk\/wp-json\/wp\/v2\/pages\/224\/revisions"}],"predecessor-version":[{"id":721,"href":"https:\/\/inconbau.listingprofis.site\/kk\/wp-json\/wp\/v2\/pages\/224\/revisions\/721"}],"wp:attachment":[{"href":"https:\/\/inconbau.listingprofis.site\/kk\/wp-json\/wp\/v2\/media?parent=224"}],"curies":[{"name":"wp","href":"https:\/\/api.w.org\/{rel}","templated":true}]}}