{"id":230,"date":"2023-03-31T00:47:10","date_gmt":"2023-03-31T00:47:10","guid":{"rendered":"https:\/\/listingprofis.net\/inconbau\/?page_id=230"},"modified":"2023-08-31T12:45:26","modified_gmt":"2023-08-31T12:45:26","slug":"montage-baufertigteile","status":"publish","type":"page","link":"https:\/\/inconbau.listingprofis.site\/kk\/montage-baufertigteile\/","title":{"rendered":"\u049a\u04b1\u0440\u0430\u0441\u0442\u044b\u0440\u043c\u0430\u043b\u044b \u049b\u04b1\u0440\u044b\u043b\u044b\u0441 \u0431\u04e9\u043b\u0448\u0435\u043a\u0442\u0435\u0440\u0456\u043d \u049b\u04b1\u0440\u0430\u0441\u0442\u044b\u0440\u0443"},"content":{"rendered":"<div data-elementor-type=\"wp-page\" data-elementor-id=\"230\" class=\"elementor elementor-230\" data-elementor-post-type=\"page\">\n\t\t\t\t\t\t<section class=\"elementor-section elementor-top-section elementor-element elementor-element-ee5f4ab elementor-section-boxed elementor-section-height-default elementor-section-height-default\" data-id=\"ee5f4ab\" data-element_type=\"section\" data-e-type=\"section\" data-settings=\"{&quot;background_background&quot;:&quot;classic&quot;}\">\n\t\t\t\t\t\t\t<div class=\"elementor-background-overlay\"><\/div>\n\t\t\t\t\t\t\t<div class=\"elementor-container elementor-column-gap-default\">\n\t\t\t\t\t<div class=\"elementor-column elementor-col-100 elementor-top-column elementor-element elementor-element-d7efbb1\" data-id=\"d7efbb1\" data-element_type=\"column\" data-e-type=\"column\">\n\t\t\t<div class=\"elementor-widget-wrap elementor-element-populated\">\n\t\t\t\t\t\t<div class=\"elementor-element elementor-element-792e2c8 elementor-widget elementor-widget-heading\" data-id=\"792e2c8\" data-element_type=\"widget\" data-e-type=\"widget\" data-widget_type=\"heading.default\">\n\t\t\t\t<div class=\"elementor-widget-container\">\n\t\t\t\t\t<h1 class=\"elementor-heading-title elementor-size-default\">\u049a\u04b1\u0440\u0430\u0441\u0442\u044b\u0440\u043c\u0430\u043b\u044b \u049b\u04b1\u0440\u044b\u043b\u044b\u0441 \u0431\u04e9\u043b\u0448\u0435\u043a\u0442\u0435\u0440\u0456\u043d \u049b\u04b1\u0440\u0430\u0441\u0442\u044b\u0440\u0443<\/h1>\t\t\t\t<\/div>\n\t\t\t\t<\/div>\n\t\t\t\t\t<\/div>\n\t\t<\/div>\n\t\t\t\t\t<\/div>\n\t\t<\/section>\n\t\t\t\t<section class=\"elementor-section elementor-top-section elementor-element elementor-element-4d1157d elementor-section-boxed elementor-section-height-default elementor-section-height-default\" data-id=\"4d1157d\" data-element_type=\"section\" data-e-type=\"section\">\n\t\t\t\t\t\t<div class=\"elementor-container elementor-column-gap-default\">\n\t\t\t\t\t<div class=\"elementor-column elementor-col-100 elementor-top-column elementor-element elementor-element-ab9db07 elementor-invisible\" data-id=\"ab9db07\" data-element_type=\"column\" data-e-type=\"column\" data-settings=\"{&quot;animation&quot;:&quot;fadeInUp&quot;}\">\n\t\t\t<div class=\"elementor-widget-wrap elementor-element-populated\">\n\t\t\t\t\t\t<div class=\"elementor-element elementor-element-dabd567 elementor-widget elementor-widget-heading\" data-id=\"dabd567\" data-element_type=\"widget\" data-e-type=\"widget\" data-widget_type=\"heading.default\">\n\t\t\t\t<div class=\"elementor-widget-container\">\n\t\t\t\t\t<h2 class=\"elementor-heading-title elementor-size-default\">\u049a\u04b1\u0440\u0430\u0441\u0442\u044b\u0440\u043c\u0430\u043b\u044b \u049b\u04b1\u0440\u044b\u043b\u044b\u0441 \u0431\u04e9\u043b\u0448\u0435\u043a\u0442\u0435\u0440\u0456\u043d \u0434\u04d9\u043b \u049b\u04b1\u0440\u0430\u0441\u0442\u044b\u0440\u0443 \u2013 \u0442\u0430\u0431\u044b\u0441\u0442\u044b \u049b\u04b1\u0440\u044b\u043b\u044b\u0441 \u0436\u043e\u0431\u0430\u0441\u044b \u04af\u0448\u0456\u043d Incon Bau \u043a\u04e9\u043c\u0435\u0433\u0456\u043c\u0435\u043d.<\/h2>\t\t\t\t<\/div>\n\t\t\t\t<\/div>\n\t\t\t\t<div class=\"elementor-element elementor-element-816391e elementor-widget elementor-widget-text-editor\" data-id=\"816391e\" data-element_type=\"widget\" data-e-type=\"widget\" data-widget_type=\"text-editor.default\">\n\t\t\t\t<div class=\"elementor-widget-container\">\n\t\t\t\t\t\t\t\t\t<p>\u0411\u0456\u0437\u0434\u0456\u04a3 \u0418\u043d\u043a\u043e\u043d \u0411\u0430\u0443\u0434\u0430\u0493\u044b \u049b\u04b1\u0440\u0430\u0441\u0442\u044b\u0440\u0443 \u0442\u043e\u0431\u044b\u043d\u044b\u04a3 \u049b\u04b1\u0440\u0430\u0441\u0442\u044b\u0440\u043c\u0430\u043b\u044b \u049b\u04b1\u0440\u044b\u043b\u044b\u0441 \u0431\u04e9\u043b\u0448\u0435\u043a\u0442\u0435\u0440\u0456\u043d \u049b\u04b1\u0440\u0430\u0441\u0442\u044b\u0440\u0443\u0434\u0430 \u043a\u04e9\u043f \u0436\u044b\u043b\u0434\u044b\u049b \u0442\u04d9\u0436\u0456\u0440\u0438\u0431\u0435\u0441\u0456 \u0431\u0430\u0440. \u0411\u0456\u0437 \u0434\u0430\u0439\u044b\u043d \u049b\u04b1\u0440\u044b\u043b\u044b\u0441 \u0431\u04e9\u043b\u0448\u0435\u043a\u0442\u0435\u0440\u0456\u043d\u0456\u04a3 \u0434\u04d9\u043b \u0436\u04d9\u043d\u0435 \u0436\u044b\u043b\u0434\u0430\u043c \u043e\u0440\u043d\u0430\u0442\u044b\u043b\u0443\u044b\u043d \u049b\u0430\u043c\u0442\u0430\u043c\u0430\u0441\u044b\u0437 \u0435\u0442\u0443 \u04af\u0448\u0456\u043d \u0442\u04b1\u0442\u044b\u043d\u0443\u0448\u044b\u043b\u0430\u0440\u044b\u043c\u044b\u0437\u0431\u0435\u043d \u0442\u044b\u0493\u044b\u0437 \u0436\u04b1\u043c\u044b\u0441 \u0436\u0430\u0441\u0430\u0439\u043c\u044b\u0437.<\/p><p>\u0411\u0456\u0437 \u049b\u0430\u0431\u044b\u0440\u0493\u0430 \u043c\u0435\u043d \u0442\u04e9\u0431\u0435\u0433\u0435 \u0430\u0440\u043d\u0430\u043b\u0493\u0430\u043d \u043f\u0430\u043d\u0435\u043b\u044c\u0434\u0435\u0440\u0434\u0456, \u049b\u04b1\u0440\u0430\u043c\u0430 \u0431\u0435\u0442\u043e\u043d \u044d\u043b\u0435\u043c\u0435\u043d\u0442\u0442\u0435\u0440\u0456\u043d \u0436\u04d9\u043d\u0435 \u0431\u043e\u043b\u0430\u0442 \u043a\u043e\u043d\u0441\u0442\u0440\u0443\u043a\u0446\u0438\u044f\u043b\u0430\u0440\u0434\u044b \u049b\u043e\u0441\u0430 \u0430\u043b\u0493\u0430\u043d\u0434\u0430, \u049b\u04b1\u0440\u044b\u043b\u044b\u0441 \u049b\u04b1\u0440\u0430\u043c\u0434\u0430\u0441 \u0431\u04e9\u043b\u0456\u043a\u0442\u0435\u0440\u0456\u043d\u0456\u04a3 \u04d9\u0440\u0442\u04af\u0440\u043b\u0456 \u0442\u04af\u0440\u043b\u0435\u0440\u0456\u043c\u0435\u043d \u0436\u04b1\u043c\u044b\u0441 \u0456\u0441\u0442\u0435\u0439\u043c\u0456\u0437. \u0411\u0456\u0437 \u049b\u04b1\u0440\u044b\u043b\u044b\u0441\u0442\u044b\u04a3 \u0431\u0430\u0440\u043b\u044b\u049b \u049b\u04b1\u0440\u0430\u043c\u0434\u0430\u0441 \u0431\u04e9\u043b\u0456\u043a\u0442\u0435\u0440\u0456\u043d\u0456\u04a3 \u0434\u04d9\u043b \u043e\u0440\u043d\u0430\u0442\u044b\u043b\u0443\u044b\u043d \u0436\u04d9\u043d\u0435 \u0442\u04b1\u0442\u044b\u043d\u0443\u0448\u044b\u043b\u0430\u0440\u0434\u044b\u04a3 \u0442\u0430\u043b\u0430\u043f\u0442\u0430\u0440\u044b\u043d \u049b\u0430\u043d\u0430\u0493\u0430\u0442\u0442\u0430\u043d\u0434\u044b\u0440\u0443\u044b\u043d \u049b\u0430\u043c\u0442\u0430\u043c\u0430\u0441\u044b\u0437 \u0435\u0442\u0435\u043c\u0456\u0437.<\/p><p>\u0411\u0456\u0437\u0434\u0456\u04a3 \u043a\u043e\u043c\u0430\u043d\u0434\u0430 \u04e9\u0437 \u0442\u04d9\u0436\u0456\u0440\u0438\u0431\u0435\u0441\u0456 \u043c\u0435\u043d \u0436\u044b\u043b\u0434\u0430\u043c\u0434\u044b\u0493\u044b\u043c\u0435\u043d \u0435\u0440\u0435\u043a\u0448\u0435\u043b\u0435\u043d\u0435\u0442\u0456\u043d \u0431\u0456\u043b\u0456\u043a\u0442\u0456 \u0436\u04d9\u043d\u0435 \u0442\u04d9\u0436\u0456\u0440\u0438\u0431\u0435\u043b\u0456 \u0441\u043b\u0435\u0441\u0430\u0440\u043b\u0430\u0440\u0434\u0430\u043d \u0442\u04b1\u0440\u0430\u0434\u044b. \u041e\u0440\u043d\u0430\u0442\u0443 \u0436\u04b1\u043c\u044b\u0441\u0442\u0430\u0440\u044b \u0443\u0430\u049b\u044b\u0442\u044b\u043d\u0434\u0430 \u0436\u04d9\u043d\u0435 \u0431\u044e\u0434\u0436\u0435\u0442 \u0448\u0435\u0433\u0456\u043d\u0434\u0435 \u0430\u044f\u049b\u0442\u0430\u043b\u0443\u044b\u043d \u049b\u0430\u043c\u0442\u0430\u043c\u0430\u0441\u044b\u0437 \u0435\u0442\u0443 \u04af\u0448\u0456\u043d \u0431\u0456\u0437 \u0442\u04b1\u0442\u044b\u043d\u0443\u0448\u044b\u043b\u0430\u0440\u043c\u0435\u043d \u0442\u044b\u0493\u044b\u0437 \u0436\u04b1\u043c\u044b\u0441 \u0436\u0430\u0441\u0430\u0439\u043c\u044b\u0437.<\/p><p>Incon Bau-\u0434\u0430\u0493\u044b \u043c\u0430\u049b\u0441\u0430\u0442\u044b\u043c\u044b\u0437 - \u0443\u0430\u049b\u044b\u0442 \u043f\u0435\u043d \u0448\u044b\u0493\u044b\u043d\u0434\u0430\u0440\u0434\u044b \u04af\u043d\u0435\u043c\u0434\u0435\u0443 \u04af\u0448\u0456\u043d \u049b\u04b1\u0440\u0430\u0441\u0442\u044b\u0440\u043c\u0430\u043b\u044b \u049b\u04b1\u0440\u044b\u043b\u044b\u0441 \u043a\u043e\u043c\u043f\u043e\u043d\u0435\u043d\u0442\u0442\u0435\u0440\u0456\u043d \u0434\u04d9\u043b \u0436\u04d9\u043d\u0435 \u0436\u044b\u043b\u0434\u0430\u043c \u0436\u0438\u043d\u0430\u0443\u0434\u044b \u049b\u0430\u043c\u0442\u0430\u043c\u0430\u0441\u044b\u0437 \u0435\u0442\u0443.<\/p>\t\t\t\t\t\t\t\t<\/div>\n\t\t\t\t<\/div>\n\t\t\t\t\t<\/div>\n\t\t<\/div>\n\t\t\t\t\t<\/div>\n\t\t<\/section>\n\t\t\t\t<section class=\"elementor-section elementor-top-section elementor-element elementor-element-b1e10ab elementor-section-content-middle elementor-section-boxed elementor-section-height-default elementor-section-height-default\" data-id=\"b1e10ab\" data-element_type=\"section\" data-e-type=\"section\" data-settings=\"{&quot;background_background&quot;:&quot;classic&quot;}\">\n\t\t\t\t\t\t<div class=\"elementor-container elementor-column-gap-default\">\n\t\t\t\t\t<div class=\"elementor-column elementor-col-66 elementor-top-column elementor-element elementor-element-1b67a98 elementor-invisible\" data-id=\"1b67a98\" data-element_type=\"column\" data-e-type=\"column\" data-settings=\"{&quot;animation&quot;:&quot;fadeInUp&quot;}\">\n\t\t\t<div class=\"elementor-widget-wrap elementor-element-populated\">\n\t\t\t\t\t\t<div class=\"elementor-element elementor-element-35473f3 elementor-widget elementor-widget-heading\" data-id=\"35473f3\" data-element_type=\"widget\" data-e-type=\"widget\" data-widget_type=\"heading.default\">\n\t\t\t\t<div class=\"elementor-widget-container\">\n\t\t\t\t\t<h4 class=\"elementor-heading-title elementor-size-default\">\u041a\u0435\u043b\u0435\u0441\u0456 \u049b\u04b1\u0440\u044b\u043b\u044b\u0441 \u0436\u043e\u0431\u0430\u04a3\u044b\u0437 \u04af\u0448\u0456\u043d \u0431\u0456\u0437\u0433\u0435 \u0445\u0430\u0431\u0430\u0440\u043b\u0430\u0441\u044b\u04a3\u044b\u0437!<\/h4>\t\t\t\t<\/div>\n\t\t\t\t<\/div>\n\t\t\t\t<div class=\"elementor-element elementor-element-9d5e896 elementor-widget elementor-widget-text-editor\" data-id=\"9d5e896\" data-element_type=\"widget\" data-e-type=\"widget\" data-widget_type=\"text-editor.default\">\n\t\t\t\t<div class=\"elementor-widget-container\">\n\t\t\t\t\t\t\t\t\t<p>Kontaktieren Sie uns noch heute, um mehr \u00fcber unsere Montagel\u00f6sungen zu erfahren und wie wir Ihnen helfen k\u00f6nnen, Ihre Bauprojekte erfolgreich abzuschlie\u00dfen.<\/p>\t\t\t\t\t\t\t\t<\/div>\n\t\t\t\t<\/div>\n\t\t\t\t\t<\/div>\n\t\t<\/div>\n\t\t\t\t<div class=\"elementor-column elementor-col-33 elementor-top-column elementor-element elementor-element-98d3ee6\" data-id=\"98d3ee6\" data-element_type=\"column\" data-e-type=\"column\">\n\t\t\t<div class=\"elementor-widget-wrap elementor-element-populated\">\n\t\t\t\t\t\t<div class=\"elementor-element elementor-element-87fb650 elementor-mobile-align-left elementor-invisible elementor-widget elementor-widget-button\" data-id=\"87fb650\" data-element_type=\"widget\" data-e-type=\"widget\" data-settings=\"{&quot;_animation&quot;:&quot;zoomIn&quot;}\" data-widget_type=\"button.default\">\n\t\t\t\t<div class=\"elementor-widget-container\">\n\t\t\t\t\t\t\t\t\t<div class=\"elementor-button-wrapper\">\n\t\t\t\t\t<a class=\"elementor-button elementor-button-link elementor-size-sm elementor-animation-grow\" href=\"https:\/\/inconbau.listingprofis.site\/kk\/kontakt\/\">\n\t\t\t\t\t\t<span class=\"elementor-button-content-wrapper\">\n\t\t\t\t\t\t\t\t\t<span class=\"elementor-button-text\">\u0411\u0430\u0493\u0430 \u0430\u043b\u0443 \u04af\u0448\u0456\u043d \u049b\u0430\u0437\u0456\u0440 \u0431\u0456\u0437\u0433\u0435 \u0445\u0430\u0431\u0430\u0440\u043b\u0430\u0441\u044b\u04a3\u044b\u0437!<\/span>\n\t\t\t\t\t<\/span>\n\t\t\t\t\t<\/a>\n\t\t\t\t<\/div>\n\t\t\t\t\t\t\t\t<\/div>\n\t\t\t\t<\/div>\n\t\t\t\t\t<\/div>\n\t\t<\/div>\n\t\t\t\t\t<\/div>\n\t\t<\/section>\n\t\t\t\t<\/div>","protected":false},"excerpt":{"rendered":"<p>Pr\u00e4zise Montage von Baufertigteilen &#8211; Mit Incon Bau zum erfolgreichen Bauvorhaben. Unser Montage-Team bei Incon Bau verf\u00fcgt \u00fcber jahrelange Erfahrung in der Montage von Baufertigteilen. Wir arbeiten eng mit unseren Kunden zusammen, um sicherzustellen, dass die Baufertigteile pr\u00e4zise und schnell installiert werden. Wir arbeiten mit verschiedenen Arten von Baufertigteilen, einschlie\u00dflich Wand- und Deckenpaneele, Fertigbauteile aus [&hellip;]<\/p>","protected":false},"author":1,"featured_media":0,"parent":0,"menu_order":0,"comment_status":"closed","ping_status":"closed","template":"","meta":{"footnotes":""},"class_list":["post-230","page","type-page","status-publish","hentry"],"yoast_head":"<!-- This site is optimized with the Yoast SEO plugin v27.4 - https:\/\/yoast.com\/product\/yoast-seo-wordpress\/ -->\n<title>Montage Baufertigteile - Inconbau<\/title>\n<meta name=\"robots\" content=\"noindex, follow, max-snippet:-1, max-image-preview:large, max-video-preview:-1\" \/>\n<meta property=\"og:locale\" content=\"en_US\" \/>\n<meta property=\"og:type\" content=\"article\" \/>\n<meta property=\"og:title\" content=\"Montage Baufertigteile - Inconbau\" \/>\n<meta property=\"og:description\" content=\"Pr\u00e4zise Montage von Baufertigteilen &#8211; Mit Incon Bau zum erfolgreichen Bauvorhaben. Unser Montage-Team bei Incon Bau verf\u00fcgt \u00fcber jahrelange Erfahrung in der Montage von Baufertigteilen. Wir arbeiten eng mit unseren Kunden zusammen, um sicherzustellen, dass die Baufertigteile pr\u00e4zise und schnell installiert werden. Wir arbeiten mit verschiedenen Arten von Baufertigteilen, einschlie\u00dflich Wand- und Deckenpaneele, Fertigbauteile aus [&hellip;]\" \/>\n<meta property=\"og:url\" content=\"https:\/\/inconbau.listingprofis.site\/kk\/montage-baufertigteile\/\" \/>\n<meta property=\"og:site_name\" content=\"Inconbau\" \/>\n<meta property=\"article:publisher\" content=\"https:\/\/facebook.com\/InconBau\/\" \/>\n<meta property=\"article:modified_time\" content=\"2023-08-31T12:45:26+00:00\" \/>\n<meta name=\"twitter:card\" content=\"summary_large_image\" \/>\n<meta name=\"twitter:label1\" content=\"Est. reading time\" \/>\n\t<meta name=\"twitter:data1\" content=\"1 \u043c\u0438\u043d\u0443\u0442\u0430\" \/>\n<script type=\"application\/ld+json\" class=\"yoast-schema-graph\">{\"@context\":\"https:\\\/\\\/schema.org\",\"@graph\":[{\"@type\":\"WebPage\",\"@id\":\"https:\\\/\\\/inconbau.listingprofis.site\\\/montage-baufertigteile\\\/\",\"url\":\"https:\\\/\\\/inconbau.listingprofis.site\\\/montage-baufertigteile\\\/\",\"name\":\"Montage Baufertigteile - Inconbau\",\"isPartOf\":{\"@id\":\"https:\\\/\\\/inconbau.listingprofis.site\\\/#website\"},\"datePublished\":\"2023-03-31T00:47:10+00:00\",\"dateModified\":\"2023-08-31T12:45:26+00:00\",\"breadcrumb\":{\"@id\":\"https:\\\/\\\/inconbau.listingprofis.site\\\/montage-baufertigteile\\\/#breadcrumb\"},\"inLanguage\":\"ru-RU\",\"potentialAction\":[{\"@type\":\"ReadAction\",\"target\":[\"https:\\\/\\\/inconbau.listingprofis.site\\\/montage-baufertigteile\\\/\"]}]},{\"@type\":\"BreadcrumbList\",\"@id\":\"https:\\\/\\\/inconbau.listingprofis.site\\\/montage-baufertigteile\\\/#breadcrumb\",\"itemListElement\":[{\"@type\":\"ListItem\",\"position\":1,\"name\":\"Home\",\"item\":\"https:\\\/\\\/inconbau.listingprofis.site\\\/\"},{\"@type\":\"ListItem\",\"position\":2,\"name\":\"Montage Baufertigteile\"}]},{\"@type\":\"WebSite\",\"@id\":\"https:\\\/\\\/inconbau.listingprofis.site\\\/#website\",\"url\":\"https:\\\/\\\/inconbau.listingprofis.site\\\/\",\"name\":\"Inconbau\",\"description\":\"Ihr exklusiver Handwerker\",\"publisher\":{\"@id\":\"https:\\\/\\\/inconbau.listingprofis.site\\\/#organization\"},\"potentialAction\":[{\"@type\":\"SearchAction\",\"target\":{\"@type\":\"EntryPoint\",\"urlTemplate\":\"https:\\\/\\\/inconbau.listingprofis.site\\\/?s={search_term_string}\"},\"query-input\":{\"@type\":\"PropertyValueSpecification\",\"valueRequired\":true,\"valueName\":\"search_term_string\"}}],\"inLanguage\":\"ru-RU\"},{\"@type\":\"Organization\",\"@id\":\"https:\\\/\\\/inconbau.listingprofis.site\\\/#organization\",\"name\":\"Inconbau\",\"url\":\"https:\\\/\\\/inconbau.listingprofis.site\\\/\",\"logo\":{\"@type\":\"ImageObject\",\"inLanguage\":\"ru-RU\",\"@id\":\"https:\\\/\\\/inconbau.listingprofis.site\\\/#\\\/schema\\\/logo\\\/image\\\/\",\"url\":\"https:\\\/\\\/inconbau.listingprofis.site\\\/wp-content\\\/uploads\\\/2023\\\/03\\\/horizontal-jpeg.jpg\",\"contentUrl\":\"https:\\\/\\\/inconbau.listingprofis.site\\\/wp-content\\\/uploads\\\/2023\\\/03\\\/horizontal-jpeg.jpg\",\"width\":1054,\"height\":272,\"caption\":\"Inconbau\"},\"image\":{\"@id\":\"https:\\\/\\\/inconbau.listingprofis.site\\\/#\\\/schema\\\/logo\\\/image\\\/\"},\"sameAs\":[\"https:\\\/\\\/facebook.com\\\/InconBau\\\/\",\"https:\\\/\\\/www.instagram.com\\\/inconbau\\\/\"]}]}<\/script>\n<!-- \/ Yoast SEO plugin. -->","yoast_head_json":{"title":"Montage Baufertigteile - Inconbau","robots":{"index":"noindex","follow":"follow","max-snippet":"max-snippet:-1","max-image-preview":"max-image-preview:large","max-video-preview":"max-video-preview:-1"},"og_locale":"en_US","og_type":"article","og_title":"Montage Baufertigteile - Inconbau","og_description":"Pr\u00e4zise Montage von Baufertigteilen &#8211; Mit Incon Bau zum erfolgreichen Bauvorhaben. Unser Montage-Team bei Incon Bau verf\u00fcgt \u00fcber jahrelange Erfahrung in der Montage von Baufertigteilen. Wir arbeiten eng mit unseren Kunden zusammen, um sicherzustellen, dass die Baufertigteile pr\u00e4zise und schnell installiert werden. Wir arbeiten mit verschiedenen Arten von Baufertigteilen, einschlie\u00dflich Wand- und Deckenpaneele, Fertigbauteile aus [&hellip;]","og_url":"https:\/\/inconbau.listingprofis.site\/kk\/montage-baufertigteile\/","og_site_name":"Inconbau","article_publisher":"https:\/\/facebook.com\/InconBau\/","article_modified_time":"2023-08-31T12:45:26+00:00","twitter_card":"summary_large_image","twitter_misc":{"Est. reading time":"1 \u043c\u0438\u043d\u0443\u0442\u0430"},"schema":{"@context":"https:\/\/schema.org","@graph":[{"@type":"WebPage","@id":"https:\/\/inconbau.listingprofis.site\/montage-baufertigteile\/","url":"https:\/\/inconbau.listingprofis.site\/montage-baufertigteile\/","name":"Montage Baufertigteile - Inconbau","isPartOf":{"@id":"https:\/\/inconbau.listingprofis.site\/#website"},"datePublished":"2023-03-31T00:47:10+00:00","dateModified":"2023-08-31T12:45:26+00:00","breadcrumb":{"@id":"https:\/\/inconbau.listingprofis.site\/montage-baufertigteile\/#breadcrumb"},"inLanguage":"ru-RU","potentialAction":[{"@type":"ReadAction","target":["https:\/\/inconbau.listingprofis.site\/montage-baufertigteile\/"]}]},{"@type":"BreadcrumbList","@id":"https:\/\/inconbau.listingprofis.site\/montage-baufertigteile\/#breadcrumb","itemListElement":[{"@type":"ListItem","position":1,"name":"Home","item":"https:\/\/inconbau.listingprofis.site\/"},{"@type":"ListItem","position":2,"name":"Montage Baufertigteile"}]},{"@type":"WebSite","@id":"https:\/\/inconbau.listingprofis.site\/#website","url":"https:\/\/inconbau.listingprofis.site\/","name":"Inconbau","description":"Ihr exklusiver Handwerker","publisher":{"@id":"https:\/\/inconbau.listingprofis.site\/#organization"},"potentialAction":[{"@type":"SearchAction","target":{"@type":"EntryPoint","urlTemplate":"https:\/\/inconbau.listingprofis.site\/?s={search_term_string}"},"query-input":{"@type":"PropertyValueSpecification","valueRequired":true,"valueName":"search_term_string"}}],"inLanguage":"ru-RU"},{"@type":"Organization","@id":"https:\/\/inconbau.listingprofis.site\/#organization","name":"Inconbau","url":"https:\/\/inconbau.listingprofis.site\/","logo":{"@type":"ImageObject","inLanguage":"ru-RU","@id":"https:\/\/inconbau.listingprofis.site\/#\/schema\/logo\/image\/","url":"https:\/\/inconbau.listingprofis.site\/wp-content\/uploads\/2023\/03\/horizontal-jpeg.jpg","contentUrl":"https:\/\/inconbau.listingprofis.site\/wp-content\/uploads\/2023\/03\/horizontal-jpeg.jpg","width":1054,"height":272,"caption":"Inconbau"},"image":{"@id":"https:\/\/inconbau.listingprofis.site\/#\/schema\/logo\/image\/"},"sameAs":["https:\/\/facebook.com\/InconBau\/","https:\/\/www.instagram.com\/inconbau\/"]}]}},"_links":{"self":[{"href":"https:\/\/inconbau.listingprofis.site\/kk\/wp-json\/wp\/v2\/pages\/230","targetHints":{"allow":["GET"]}}],"collection":[{"href":"https:\/\/inconbau.listingprofis.site\/kk\/wp-json\/wp\/v2\/pages"}],"about":[{"href":"https:\/\/inconbau.listingprofis.site\/kk\/wp-json\/wp\/v2\/types\/page"}],"author":[{"embeddable":true,"href":"https:\/\/inconbau.listingprofis.site\/kk\/wp-json\/wp\/v2\/users\/1"}],"replies":[{"embeddable":true,"href":"https:\/\/inconbau.listingprofis.site\/kk\/wp-json\/wp\/v2\/comments?post=230"}],"version-history":[{"count":5,"href":"https:\/\/inconbau.listingprofis.site\/kk\/wp-json\/wp\/v2\/pages\/230\/revisions"}],"predecessor-version":[{"id":542,"href":"https:\/\/inconbau.listingprofis.site\/kk\/wp-json\/wp\/v2\/pages\/230\/revisions\/542"}],"wp:attachment":[{"href":"https:\/\/inconbau.listingprofis.site\/kk\/wp-json\/wp\/v2\/media?parent=230"}],"curies":[{"name":"wp","href":"https:\/\/api.w.org\/{rel}","templated":true}]}}