{"id":226,"date":"2023-03-31T00:45:36","date_gmt":"2023-03-31T00:45:36","guid":{"rendered":"https:\/\/listingprofis.net\/inconbau\/?page_id=226"},"modified":"2023-03-31T01:30:01","modified_gmt":"2023-03-31T01:30:01","slug":"solar","status":"publish","type":"page","link":"https:\/\/inconbau.listingprofis.site\/ru\/solar\/","title":{"rendered":"\u0421\u043e\u043b\u043d\u0435\u0447\u043d\u044b\u0439"},"content":{"rendered":"<div data-elementor-type=\"wp-page\" data-elementor-id=\"226\" class=\"elementor elementor-226\" data-elementor-post-type=\"page\">\n\t\t\t\t\t\t<section class=\"elementor-section elementor-top-section elementor-element elementor-element-3c8bf3e elementor-section-boxed elementor-section-height-default elementor-section-height-default\" data-id=\"3c8bf3e\" data-element_type=\"section\" data-e-type=\"section\" data-settings=\"{&quot;background_background&quot;:&quot;classic&quot;}\">\n\t\t\t\t\t\t\t<div class=\"elementor-background-overlay\"><\/div>\n\t\t\t\t\t\t\t<div class=\"elementor-container elementor-column-gap-default\">\n\t\t\t\t\t<div class=\"elementor-column elementor-col-100 elementor-top-column elementor-element elementor-element-dd586a9\" data-id=\"dd586a9\" data-element_type=\"column\" data-e-type=\"column\">\n\t\t\t<div class=\"elementor-widget-wrap elementor-element-populated\">\n\t\t\t\t\t\t<div class=\"elementor-element elementor-element-e6964a0 elementor-widget elementor-widget-heading\" data-id=\"e6964a0\" data-element_type=\"widget\" data-e-type=\"widget\" data-widget_type=\"heading.default\">\n\t\t\t\t<div class=\"elementor-widget-container\">\n\t\t\t\t\t<h1 class=\"elementor-heading-title elementor-size-default\">\u0421\u043e\u043b\u043d\u0435\u0447\u043d\u044b\u0439<\/h1>\t\t\t\t<\/div>\n\t\t\t\t<\/div>\n\t\t\t\t\t<\/div>\n\t\t<\/div>\n\t\t\t\t\t<\/div>\n\t\t<\/section>\n\t\t\t\t<section class=\"elementor-section elementor-top-section elementor-element elementor-element-ac7d719 elementor-section-boxed elementor-section-height-default elementor-section-height-default\" data-id=\"ac7d719\" data-element_type=\"section\" data-e-type=\"section\">\n\t\t\t\t\t\t<div class=\"elementor-container elementor-column-gap-default\">\n\t\t\t\t\t<div class=\"elementor-column elementor-col-100 elementor-top-column elementor-element elementor-element-6455b29 elementor-invisible\" data-id=\"6455b29\" data-element_type=\"column\" data-e-type=\"column\" data-settings=\"{&quot;animation&quot;:&quot;fadeInUp&quot;}\">\n\t\t\t<div class=\"elementor-widget-wrap elementor-element-populated\">\n\t\t\t\t\t\t<div class=\"elementor-element elementor-element-8b628e8 elementor-widget elementor-widget-heading\" data-id=\"8b628e8\" data-element_type=\"widget\" data-e-type=\"widget\" data-widget_type=\"heading.default\">\n\t\t\t\t<div class=\"elementor-widget-container\">\n\t\t\t\t\t<h2 class=\"elementor-heading-title elementor-size-default\">\u0418\u0441\u043f\u043e\u043b\u044c\u0437\u0443\u0439\u0442\u0435 \u044d\u043d\u0435\u0440\u0433\u0438\u044e \u0441\u043e\u043b\u043d\u0446\u0430 \u0441 Incon Bau \u2014 \u044d\u0444\u0444\u0435\u043a\u0442\u0438\u0432\u043d\u044b\u043c\u0438 \u0441\u043e\u043b\u043d\u0435\u0447\u043d\u044b\u043c\u0438 \u0440\u0435\u0448\u0435\u043d\u0438\u044f\u043c\u0438 \u0434\u043b\u044f \u0443\u0441\u0442\u043e\u0439\u0447\u0438\u0432\u043e\u0433\u043e \u0431\u0443\u0434\u0443\u0449\u0435\u0433\u043e.<\/h2>\t\t\t\t<\/div>\n\t\t\t\t<\/div>\n\t\t\t\t<div class=\"elementor-element elementor-element-d3623a7 elementor-widget elementor-widget-text-editor\" data-id=\"d3623a7\" data-element_type=\"widget\" data-e-type=\"widget\" data-widget_type=\"text-editor.default\">\n\t\t\t\t<div class=\"elementor-widget-container\">\n\t\t\t\t\t\t\t\t\t<p>\u041d\u0430\u0448\u0430 \u043a\u043e\u043c\u0430\u043d\u0434\u0430 \u0441\u043f\u0435\u0446\u0438\u0430\u043b\u0438\u0441\u0442\u043e\u0432 Incon Bau \u0441\u043f\u0435\u0446\u0438\u0430\u043b\u0438\u0437\u0438\u0440\u0443\u0435\u0442\u0441\u044f \u043d\u0430 \u043f\u0440\u043e\u0435\u043a\u0442\u0438\u0440\u043e\u0432\u0430\u043d\u0438\u0438, \u0443\u0441\u0442\u0430\u043d\u043e\u0432\u043a\u0435 \u0438 \u043e\u0431\u0441\u043b\u0443\u0436\u0438\u0432\u0430\u043d\u0438\u0438 \u0441\u043e\u043b\u043d\u0435\u0447\u043d\u044b\u0445 \u0441\u0438\u0441\u0442\u0435\u043c. \u041c\u044b \u0438\u0441\u043f\u043e\u043b\u044c\u0437\u0443\u0435\u043c \u043d\u043e\u0432\u0435\u0439\u0448\u0438\u0435 \u0442\u0435\u0445\u043d\u043e\u043b\u043e\u0433\u0438\u0438 \u0438 \u043c\u0430\u0442\u0435\u0440\u0438\u0430\u043b\u044b, \u0447\u0442\u043e\u0431\u044b \u0433\u0430\u0440\u0430\u043d\u0442\u0438\u0440\u043e\u0432\u0430\u0442\u044c \u044d\u0444\u0444\u0435\u043a\u0442\u0438\u0432\u043d\u0443\u044e \u0438 \u043d\u0430\u0434\u0435\u0436\u043d\u0443\u044e \u0440\u0430\u0431\u043e\u0442\u0443 \u0432\u0430\u0448\u0435\u0439 \u0441\u043e\u043b\u043d\u0435\u0447\u043d\u043e\u0439 \u0441\u0438\u0441\u0442\u0435\u043c\u044b.<\/p><p>\u041d\u0430\u0448\u0438 \u0441\u043e\u043b\u043d\u0435\u0447\u043d\u044b\u0435 \u0441\u0438\u0441\u0442\u0435\u043c\u044b \u043c\u043e\u0433\u0443\u0442 \u0443\u0434\u043e\u0432\u043b\u0435\u0442\u0432\u043e\u0440\u0438\u0442\u044c \u0441\u0430\u043c\u044b\u0435 \u0440\u0430\u0437\u043d\u044b\u0435 \u043f\u043e\u0442\u0440\u0435\u0431\u043d\u043e\u0441\u0442\u0438: \u043e\u0442 \u043e\u0431\u0435\u0441\u043f\u0435\u0447\u0435\u043d\u0438\u044f \u044d\u043b\u0435\u043a\u0442\u0440\u043e\u044d\u043d\u0435\u0440\u0433\u0438\u0435\u0439 \u0432\u0430\u0448\u0435\u0433\u043e \u0434\u043e\u043c\u0430 \u0438\u043b\u0438 \u0431\u0438\u0437\u043d\u0435\u0441\u0430 \u0434\u043e \u0432\u044b\u0440\u0430\u0431\u043e\u0442\u043a\u0438 \u0442\u0435\u043f\u043b\u0430 \u0434\u043b\u044f \u0441\u0438\u0441\u0442\u0435\u043c \u043e\u0442\u043e\u043f\u043b\u0435\u043d\u0438\u044f \u0438 \u0433\u043e\u0440\u044f\u0447\u0435\u0433\u043e \u0432\u043e\u0434\u043e\u0441\u043d\u0430\u0431\u0436\u0435\u043d\u0438\u044f. \u041c\u044b \u043f\u0440\u0435\u0434\u043b\u0430\u0433\u0430\u0435\u043c \u0448\u0438\u0440\u043e\u043a\u0438\u0439 \u0441\u043f\u0435\u043a\u0442\u0440 \u0441\u043e\u043b\u043d\u0435\u0447\u043d\u044b\u0445 \u0440\u0435\u0448\u0435\u043d\u0438\u0439, \u0440\u0430\u0437\u0440\u0430\u0431\u043e\u0442\u0430\u043d\u043d\u044b\u0445 \u0441 \u0443\u0447\u0435\u0442\u043e\u043c \u0438\u043d\u0434\u0438\u0432\u0438\u0434\u0443\u0430\u043b\u044c\u043d\u044b\u0445 \u043f\u043e\u0442\u0440\u0435\u0431\u043d\u043e\u0441\u0442\u0435\u0439 \u0438 \u0442\u0440\u0435\u0431\u043e\u0432\u0430\u043d\u0438\u0439 \u043d\u0430\u0448\u0438\u0445 \u043a\u043b\u0438\u0435\u043d\u0442\u043e\u0432.<\/p><p>\u041d\u0430\u0448\u0438 \u0441\u043f\u0435\u0446\u0438\u0430\u043b\u0438\u0441\u0442\u044b \u043f\u043e \u0441\u043e\u043b\u043d\u0435\u0447\u043d\u043e\u0439 \u044d\u043d\u0435\u0440\u0433\u0435\u0442\u0438\u043a\u0435 \u0442\u0435\u0441\u043d\u043e \u0441\u043e\u0442\u0440\u0443\u0434\u043d\u0438\u0447\u0430\u044e\u0442 \u0441 \u043a\u043b\u0438\u0435\u043d\u0442\u0430\u043c\u0438, \u0447\u0442\u043e\u0431\u044b \u0433\u0430\u0440\u0430\u043d\u0442\u0438\u0440\u043e\u0432\u0430\u0442\u044c, \u0447\u0442\u043e \u0441\u043e\u043b\u043d\u0435\u0447\u043d\u0430\u044f \u0441\u0438\u0441\u0442\u0435\u043c\u0430 \u0431\u0443\u0434\u0435\u0442 \u043e\u043f\u0442\u0438\u043c\u0430\u043b\u044c\u043d\u043e \u0430\u0434\u0430\u043f\u0442\u0438\u0440\u043e\u0432\u0430\u043d\u0430 \u043a \u0438\u0445 \u043f\u043e\u0442\u0440\u0435\u0431\u043d\u043e\u0441\u0442\u044f\u043c \u0438 \u0442\u0440\u0435\u0431\u043e\u0432\u0430\u043d\u0438\u044f\u043c. \u041c\u044b \u0442\u0430\u043a\u0436\u0435 \u043f\u0440\u0435\u0434\u043b\u0430\u0433\u0430\u0435\u043c \u043a\u043e\u043c\u043f\u043b\u0435\u043a\u0441\u043d\u044b\u0435 \u043a\u043e\u043d\u0441\u0443\u043b\u044c\u0442\u0430\u0446\u0438\u0438, \u0447\u0442\u043e\u0431\u044b \u0433\u0430\u0440\u0430\u043d\u0442\u0438\u0440\u043e\u0432\u0430\u0442\u044c \u0432\u0430\u043c \u043e\u043f\u0442\u0438\u043c\u0430\u043b\u044c\u043d\u043e\u0435 \u043f\u0440\u0435\u0434\u043b\u043e\u0436\u0435\u043d\u0438\u0435, \u0441\u043e\u043e\u0442\u0432\u0435\u0442\u0441\u0442\u0432\u0443\u044e\u0449\u0435\u0435 \u0432\u0430\u0448\u0438\u043c \u043a\u043e\u043d\u043a\u0440\u0435\u0442\u043d\u044b\u043c \u0442\u0440\u0435\u0431\u043e\u0432\u0430\u043d\u0438\u044f\u043c \u0438 \u0431\u044e\u0434\u0436\u0435\u0442\u0443.<\/p><p>\u0426\u0435\u043b\u044c \u043a\u043e\u043c\u043f\u0430\u043d\u0438\u0438 Incon Bau \u2014 \u043e\u0431\u0435\u0441\u043f\u0435\u0447\u0438\u0442\u044c \u043d\u0430\u0434\u0435\u0436\u043d\u0443\u044e \u0438 \u044d\u0444\u0444\u0435\u043a\u0442\u0438\u0432\u043d\u0443\u044e \u0440\u0430\u0431\u043e\u0442\u0443 \u0432\u0430\u0448\u0435\u0439 \u0441\u043e\u043b\u043d\u0435\u0447\u043d\u043e\u0439 \u0441\u0438\u0441\u0442\u0435\u043c\u044b, \u044d\u043a\u043e\u043d\u043e\u043c\u044f \u043f\u0440\u0438 \u044d\u0442\u043e\u043c \u0437\u0430\u0442\u0440\u0430\u0442\u044b \u043d\u0430 \u044d\u043b\u0435\u043a\u0442\u0440\u043e\u044d\u043d\u0435\u0440\u0433\u0438\u044e \u0438 \u0437\u0430\u0449\u0438\u0449\u0430\u044f \u043e\u043a\u0440\u0443\u0436\u0430\u044e\u0449\u0443\u044e \u0441\u0440\u0435\u0434\u0443.\u00a0<\/p>\t\t\t\t\t\t\t\t<\/div>\n\t\t\t\t<\/div>\n\t\t\t\t\t<\/div>\n\t\t<\/div>\n\t\t\t\t\t<\/div>\n\t\t<\/section>\n\t\t\t\t<section class=\"elementor-section elementor-top-section elementor-element elementor-element-4716903 elementor-section-content-middle elementor-section-boxed elementor-section-height-default elementor-section-height-default\" data-id=\"4716903\" data-element_type=\"section\" data-e-type=\"section\" data-settings=\"{&quot;background_background&quot;:&quot;classic&quot;}\">\n\t\t\t\t\t\t<div class=\"elementor-container elementor-column-gap-default\">\n\t\t\t\t\t<div class=\"elementor-column elementor-col-66 elementor-top-column elementor-element elementor-element-b092919 elementor-invisible\" data-id=\"b092919\" data-element_type=\"column\" data-e-type=\"column\" data-settings=\"{&quot;animation&quot;:&quot;fadeInUp&quot;}\">\n\t\t\t<div class=\"elementor-widget-wrap elementor-element-populated\">\n\t\t\t\t\t\t<div class=\"elementor-element elementor-element-aed788b elementor-widget elementor-widget-heading\" data-id=\"aed788b\" data-element_type=\"widget\" data-e-type=\"widget\" data-widget_type=\"heading.default\">\n\t\t\t\t<div class=\"elementor-widget-container\">\n\t\t\t\t\t<h4 class=\"elementor-heading-title elementor-size-default\">\u0421\u0432\u044f\u0436\u0438\u0442\u0435\u0441\u044c \u0441 \u043d\u0430\u043c\u0438 \u0434\u043b\u044f \u0432\u0430\u0448\u0435\u0433\u043e \u0441\u043b\u0435\u0434\u0443\u044e\u0449\u0435\u0433\u043e \u0441\u0442\u0440\u043e\u0438\u0442\u0435\u043b\u044c\u043d\u043e\u0433\u043e \u043f\u0440\u043e\u0435\u043a\u0442\u0430!<\/h4>\t\t\t\t<\/div>\n\t\t\t\t<\/div>\n\t\t\t\t<div class=\"elementor-element elementor-element-622db10 elementor-widget elementor-widget-text-editor\" data-id=\"622db10\" data-element_type=\"widget\" data-e-type=\"widget\" data-widget_type=\"text-editor.default\">\n\t\t\t\t<div class=\"elementor-widget-container\">\n\t\t\t\t\t\t\t\t\t<p>Kontaktieren Sie uns noch heute, um mehr \u00fcber unsere Solarl\u00f6sungen zu erfahren und wie wir Ihnen helfen k\u00f6nnen, Ihre Energiekosten zu senken und Ihren \u00f6kologischen Fu\u00dfabdruck zu reduzieren.<\/p>\t\t\t\t\t\t\t\t<\/div>\n\t\t\t\t<\/div>\n\t\t\t\t\t<\/div>\n\t\t<\/div>\n\t\t\t\t<div class=\"elementor-column elementor-col-33 elementor-top-column elementor-element elementor-element-85f96af\" data-id=\"85f96af\" data-element_type=\"column\" data-e-type=\"column\">\n\t\t\t<div class=\"elementor-widget-wrap elementor-element-populated\">\n\t\t\t\t\t\t<div class=\"elementor-element elementor-element-d8ad0a1 elementor-mobile-align-left elementor-invisible elementor-widget elementor-widget-button\" data-id=\"d8ad0a1\" data-element_type=\"widget\" data-e-type=\"widget\" data-settings=\"{&quot;_animation&quot;:&quot;zoomIn&quot;}\" data-widget_type=\"button.default\">\n\t\t\t\t<div class=\"elementor-widget-container\">\n\t\t\t\t\t\t\t\t\t<div class=\"elementor-button-wrapper\">\n\t\t\t\t\t<a class=\"elementor-button elementor-button-link elementor-size-sm elementor-animation-grow\" href=\"https:\/\/inconbau.listingprofis.site\/ru\/kontakt\/\">\n\t\t\t\t\t\t<span class=\"elementor-button-content-wrapper\">\n\t\t\t\t\t\t\t\t\t<span class=\"elementor-button-text\">\u0421\u0432\u044f\u0436\u0438\u0442\u0435\u0441\u044c \u0441 \u043d\u0430\u043c\u0438 \u0441\u0435\u0439\u0447\u0430\u0441, \u0447\u0442\u043e\u0431\u044b \u043f\u043e\u043b\u0443\u0447\u0438\u0442\u044c \u0440\u0430\u0441\u0446\u0435\u043d\u043a\u0438!<\/span>\n\t\t\t\t\t<\/span>\n\t\t\t\t\t<\/a>\n\t\t\t\t<\/div>\n\t\t\t\t\t\t\t\t<\/div>\n\t\t\t\t<\/div>\n\t\t\t\t\t<\/div>\n\t\t<\/div>\n\t\t\t\t\t<\/div>\n\t\t<\/section>\n\t\t\t\t<\/div>","protected":false},"excerpt":{"rendered":"<p>Nutzen Sie die Kraft der Sonne mit Incon Bau &#8211; Effiziente Solarl\u00f6sungen f\u00fcr eine nachhaltige Zukunft. Unser Solar-Team bei Incon Bau ist spezialisiert auf die Planung, Installation und Wartung von Solaranlagen. Wir arbeiten mit den neuesten Technologien und Materialien, um sicherzustellen, dass Ihre Solaranlage effizient und zuverl\u00e4ssig funktioniert. Unsere Solaranlagen k\u00f6nnen eine Vielzahl von Anforderungen [&hellip;]<\/p>","protected":false},"author":1,"featured_media":0,"parent":0,"menu_order":0,"comment_status":"closed","ping_status":"closed","template":"","meta":{"footnotes":""},"class_list":["post-226","page","type-page","status-publish","hentry"],"yoast_head":"<!-- This site is optimized with the Yoast SEO plugin v27.4 - https:\/\/yoast.com\/product\/yoast-seo-wordpress\/ -->\n<title>Solar - Inconbau<\/title>\n<meta name=\"robots\" content=\"noindex, follow, max-snippet:-1, max-image-preview:large, max-video-preview:-1\" \/>\n<meta property=\"og:locale\" content=\"ru_RU\" \/>\n<meta property=\"og:type\" content=\"article\" \/>\n<meta property=\"og:title\" content=\"Solar - Inconbau\" \/>\n<meta property=\"og:description\" content=\"Nutzen Sie die Kraft der Sonne mit Incon Bau &#8211; Effiziente Solarl\u00f6sungen f\u00fcr eine nachhaltige Zukunft. Unser Solar-Team bei Incon Bau ist spezialisiert auf die Planung, Installation und Wartung von Solaranlagen. Wir arbeiten mit den neuesten Technologien und Materialien, um sicherzustellen, dass Ihre Solaranlage effizient und zuverl\u00e4ssig funktioniert. Unsere Solaranlagen k\u00f6nnen eine Vielzahl von Anforderungen [&hellip;]\" \/>\n<meta property=\"og:url\" content=\"https:\/\/inconbau.listingprofis.site\/ru\/solar\/\" \/>\n<meta property=\"og:site_name\" content=\"Inconbau\" \/>\n<meta property=\"article:publisher\" content=\"https:\/\/facebook.com\/InconBau\/\" \/>\n<meta property=\"article:modified_time\" content=\"2023-03-31T01:30:01+00:00\" \/>\n<meta name=\"twitter:card\" content=\"summary_large_image\" \/>\n<meta name=\"twitter:label1\" content=\"\u041f\u0440\u0438\u043c\u0435\u0440\u043d\u043e\u0435 \u0432\u0440\u0435\u043c\u044f \u0434\u043b\u044f \u0447\u0442\u0435\u043d\u0438\u044f\" \/>\n\t<meta name=\"twitter:data1\" content=\"1 \u043c\u0438\u043d\u0443\u0442\u0430\" \/>\n<script type=\"application\/ld+json\" class=\"yoast-schema-graph\">{\"@context\":\"https:\\\/\\\/schema.org\",\"@graph\":[{\"@type\":\"WebPage\",\"@id\":\"https:\\\/\\\/inconbau.listingprofis.site\\\/solar\\\/\",\"url\":\"https:\\\/\\\/inconbau.listingprofis.site\\\/solar\\\/\",\"name\":\"Solar - Inconbau\",\"isPartOf\":{\"@id\":\"https:\\\/\\\/inconbau.listingprofis.site\\\/#website\"},\"datePublished\":\"2023-03-31T00:45:36+00:00\",\"dateModified\":\"2023-03-31T01:30:01+00:00\",\"breadcrumb\":{\"@id\":\"https:\\\/\\\/inconbau.listingprofis.site\\\/solar\\\/#breadcrumb\"},\"inLanguage\":\"ru-RU\",\"potentialAction\":[{\"@type\":\"ReadAction\",\"target\":[\"https:\\\/\\\/inconbau.listingprofis.site\\\/solar\\\/\"]}]},{\"@type\":\"BreadcrumbList\",\"@id\":\"https:\\\/\\\/inconbau.listingprofis.site\\\/solar\\\/#breadcrumb\",\"itemListElement\":[{\"@type\":\"ListItem\",\"position\":1,\"name\":\"Home\",\"item\":\"https:\\\/\\\/inconbau.listingprofis.site\\\/\"},{\"@type\":\"ListItem\",\"position\":2,\"name\":\"Solar\"}]},{\"@type\":\"WebSite\",\"@id\":\"https:\\\/\\\/inconbau.listingprofis.site\\\/#website\",\"url\":\"https:\\\/\\\/inconbau.listingprofis.site\\\/\",\"name\":\"Inconbau\",\"description\":\"Ihr exklusiver Handwerker\",\"publisher\":{\"@id\":\"https:\\\/\\\/inconbau.listingprofis.site\\\/#organization\"},\"potentialAction\":[{\"@type\":\"SearchAction\",\"target\":{\"@type\":\"EntryPoint\",\"urlTemplate\":\"https:\\\/\\\/inconbau.listingprofis.site\\\/?s={search_term_string}\"},\"query-input\":{\"@type\":\"PropertyValueSpecification\",\"valueRequired\":true,\"valueName\":\"search_term_string\"}}],\"inLanguage\":\"ru-RU\"},{\"@type\":\"Organization\",\"@id\":\"https:\\\/\\\/inconbau.listingprofis.site\\\/#organization\",\"name\":\"Inconbau\",\"url\":\"https:\\\/\\\/inconbau.listingprofis.site\\\/\",\"logo\":{\"@type\":\"ImageObject\",\"inLanguage\":\"ru-RU\",\"@id\":\"https:\\\/\\\/inconbau.listingprofis.site\\\/#\\\/schema\\\/logo\\\/image\\\/\",\"url\":\"https:\\\/\\\/inconbau.listingprofis.site\\\/wp-content\\\/uploads\\\/2023\\\/03\\\/horizontal-jpeg.jpg\",\"contentUrl\":\"https:\\\/\\\/inconbau.listingprofis.site\\\/wp-content\\\/uploads\\\/2023\\\/03\\\/horizontal-jpeg.jpg\",\"width\":1054,\"height\":272,\"caption\":\"Inconbau\"},\"image\":{\"@id\":\"https:\\\/\\\/inconbau.listingprofis.site\\\/#\\\/schema\\\/logo\\\/image\\\/\"},\"sameAs\":[\"https:\\\/\\\/facebook.com\\\/InconBau\\\/\",\"https:\\\/\\\/www.instagram.com\\\/inconbau\\\/\"]}]}<\/script>\n<!-- \/ Yoast SEO plugin. -->","yoast_head_json":{"title":"Solar - Inconbau","robots":{"index":"noindex","follow":"follow","max-snippet":"max-snippet:-1","max-image-preview":"max-image-preview:large","max-video-preview":"max-video-preview:-1"},"og_locale":"ru_RU","og_type":"article","og_title":"Solar - Inconbau","og_description":"Nutzen Sie die Kraft der Sonne mit Incon Bau &#8211; Effiziente Solarl\u00f6sungen f\u00fcr eine nachhaltige Zukunft. Unser Solar-Team bei Incon Bau ist spezialisiert auf die Planung, Installation und Wartung von Solaranlagen. Wir arbeiten mit den neuesten Technologien und Materialien, um sicherzustellen, dass Ihre Solaranlage effizient und zuverl\u00e4ssig funktioniert. Unsere Solaranlagen k\u00f6nnen eine Vielzahl von Anforderungen [&hellip;]","og_url":"https:\/\/inconbau.listingprofis.site\/ru\/solar\/","og_site_name":"Inconbau","article_publisher":"https:\/\/facebook.com\/InconBau\/","article_modified_time":"2023-03-31T01:30:01+00:00","twitter_card":"summary_large_image","twitter_misc":{"\u041f\u0440\u0438\u043c\u0435\u0440\u043d\u043e\u0435 \u0432\u0440\u0435\u043c\u044f \u0434\u043b\u044f \u0447\u0442\u0435\u043d\u0438\u044f":"1 \u043c\u0438\u043d\u0443\u0442\u0430"},"schema":{"@context":"https:\/\/schema.org","@graph":[{"@type":"WebPage","@id":"https:\/\/inconbau.listingprofis.site\/solar\/","url":"https:\/\/inconbau.listingprofis.site\/solar\/","name":"Solar - Inconbau","isPartOf":{"@id":"https:\/\/inconbau.listingprofis.site\/#website"},"datePublished":"2023-03-31T00:45:36+00:00","dateModified":"2023-03-31T01:30:01+00:00","breadcrumb":{"@id":"https:\/\/inconbau.listingprofis.site\/solar\/#breadcrumb"},"inLanguage":"ru-RU","potentialAction":[{"@type":"ReadAction","target":["https:\/\/inconbau.listingprofis.site\/solar\/"]}]},{"@type":"BreadcrumbList","@id":"https:\/\/inconbau.listingprofis.site\/solar\/#breadcrumb","itemListElement":[{"@type":"ListItem","position":1,"name":"Home","item":"https:\/\/inconbau.listingprofis.site\/"},{"@type":"ListItem","position":2,"name":"Solar"}]},{"@type":"WebSite","@id":"https:\/\/inconbau.listingprofis.site\/#website","url":"https:\/\/inconbau.listingprofis.site\/","name":"Inconbau","description":"Ihr exklusiver Handwerker","publisher":{"@id":"https:\/\/inconbau.listingprofis.site\/#organization"},"potentialAction":[{"@type":"SearchAction","target":{"@type":"EntryPoint","urlTemplate":"https:\/\/inconbau.listingprofis.site\/?s={search_term_string}"},"query-input":{"@type":"PropertyValueSpecification","valueRequired":true,"valueName":"search_term_string"}}],"inLanguage":"ru-RU"},{"@type":"Organization","@id":"https:\/\/inconbau.listingprofis.site\/#organization","name":"Inconbau","url":"https:\/\/inconbau.listingprofis.site\/","logo":{"@type":"ImageObject","inLanguage":"ru-RU","@id":"https:\/\/inconbau.listingprofis.site\/#\/schema\/logo\/image\/","url":"https:\/\/inconbau.listingprofis.site\/wp-content\/uploads\/2023\/03\/horizontal-jpeg.jpg","contentUrl":"https:\/\/inconbau.listingprofis.site\/wp-content\/uploads\/2023\/03\/horizontal-jpeg.jpg","width":1054,"height":272,"caption":"Inconbau"},"image":{"@id":"https:\/\/inconbau.listingprofis.site\/#\/schema\/logo\/image\/"},"sameAs":["https:\/\/facebook.com\/InconBau\/","https:\/\/www.instagram.com\/inconbau\/"]}]}},"_links":{"self":[{"href":"https:\/\/inconbau.listingprofis.site\/ru\/wp-json\/wp\/v2\/pages\/226","targetHints":{"allow":["GET"]}}],"collection":[{"href":"https:\/\/inconbau.listingprofis.site\/ru\/wp-json\/wp\/v2\/pages"}],"about":[{"href":"https:\/\/inconbau.listingprofis.site\/ru\/wp-json\/wp\/v2\/types\/page"}],"author":[{"embeddable":true,"href":"https:\/\/inconbau.listingprofis.site\/ru\/wp-json\/wp\/v2\/users\/1"}],"replies":[{"embeddable":true,"href":"https:\/\/inconbau.listingprofis.site\/ru\/wp-json\/wp\/v2\/comments?post=226"}],"version-history":[{"count":4,"href":"https:\/\/inconbau.listingprofis.site\/ru\/wp-json\/wp\/v2\/pages\/226\/revisions"}],"predecessor-version":[{"id":294,"href":"https:\/\/inconbau.listingprofis.site\/ru\/wp-json\/wp\/v2\/pages\/226\/revisions\/294"}],"wp:attachment":[{"href":"https:\/\/inconbau.listingprofis.site\/ru\/wp-json\/wp\/v2\/media?parent=226"}],"curies":[{"name":"wp","href":"https:\/\/api.w.org\/{rel}","templated":true}]}}