{"id":232,"date":"2023-03-31T00:47:22","date_gmt":"2023-03-31T00:47:22","guid":{"rendered":"https:\/\/listingprofis.net\/inconbau\/?page_id=232"},"modified":"2024-02-18T15:24:01","modified_gmt":"2024-02-18T15:24:01","slug":"boden","status":"publish","type":"page","link":"https:\/\/inconbau.listingprofis.site\/ru\/boden\/","title":{"rendered":"\u041f\u043e\u0447\u0432\u044b"},"content":{"rendered":"<div data-elementor-type=\"wp-page\" data-elementor-id=\"232\" class=\"elementor elementor-232\" data-elementor-post-type=\"page\">\n\t\t\t\t\t\t<section class=\"elementor-section elementor-top-section elementor-element elementor-element-6827a79 elementor-section-boxed elementor-section-height-default elementor-section-height-default\" data-id=\"6827a79\" data-element_type=\"section\" data-e-type=\"section\" data-settings=\"{&quot;background_background&quot;:&quot;classic&quot;}\">\n\t\t\t\t\t\t\t<div class=\"elementor-background-overlay\"><\/div>\n\t\t\t\t\t\t\t<div class=\"elementor-container elementor-column-gap-default\">\n\t\t\t\t\t<div class=\"elementor-column elementor-col-100 elementor-top-column elementor-element elementor-element-fce5ff9\" data-id=\"fce5ff9\" data-element_type=\"column\" data-e-type=\"column\">\n\t\t\t<div class=\"elementor-widget-wrap elementor-element-populated\">\n\t\t\t\t\t\t<div class=\"elementor-element elementor-element-c1c77aa elementor-widget elementor-widget-heading\" data-id=\"c1c77aa\" data-element_type=\"widget\" data-e-type=\"widget\" data-widget_type=\"heading.default\">\n\t\t\t\t<div class=\"elementor-widget-container\">\n\t\t\t\t\t<h1 class=\"elementor-heading-title elementor-size-default\">\u041f\u043e\u0447\u0432\u044b<\/h1>\t\t\t\t<\/div>\n\t\t\t\t<\/div>\n\t\t\t\t\t<\/div>\n\t\t<\/div>\n\t\t\t\t\t<\/div>\n\t\t<\/section>\n\t\t\t\t<section class=\"elementor-section elementor-top-section elementor-element elementor-element-19f34ef elementor-section-boxed elementor-section-height-default elementor-section-height-default\" data-id=\"19f34ef\" data-element_type=\"section\" data-e-type=\"section\">\n\t\t\t\t\t\t<div class=\"elementor-container elementor-column-gap-default\">\n\t\t\t\t\t<div class=\"elementor-column elementor-col-100 elementor-top-column elementor-element elementor-element-2509c33 elementor-invisible\" data-id=\"2509c33\" data-element_type=\"column\" data-e-type=\"column\" data-settings=\"{&quot;animation&quot;:&quot;fadeInUp&quot;}\">\n\t\t\t<div class=\"elementor-widget-wrap elementor-element-populated\">\n\t\t\t\t\t\t<div class=\"elementor-element elementor-element-b4d4d11 elementor-widget elementor-widget-heading\" data-id=\"b4d4d11\" data-element_type=\"widget\" data-e-type=\"widget\" data-widget_type=\"heading.default\">\n\t\t\t\t<div class=\"elementor-widget-container\">\n\t\t\t\t\t<h2 class=\"elementor-heading-title elementor-size-default\">\u0412\u044b\u0441\u043e\u043a\u043e\u043a\u0430\u0447\u0435\u0441\u0442\u0432\u0435\u043d\u043d\u044b\u0435 \u043f\u043e\u043b\u044b \u2014 \u0441\u043e\u0437\u0434\u0430\u0439\u0442\u0435 \u0431\u043e\u043b\u0435\u0435 \u043a\u0440\u0430\u0441\u0438\u0432\u044b\u0439 \u0434\u043e\u043c \u0441 Incon Bau.<\/h2>\t\t\t\t<\/div>\n\t\t\t\t<\/div>\n\t\t\t\t<div class=\"elementor-element elementor-element-e31f8ee elementor-widget elementor-widget-text-editor\" data-id=\"e31f8ee\" data-element_type=\"widget\" data-e-type=\"widget\" data-widget_type=\"text-editor.default\">\n\t\t\t\t<div class=\"elementor-widget-container\">\n\t\t\t\t\t\t\t\t\t<p>\u041d\u0430\u0448\u0430 \u043a\u043e\u043c\u0430\u043d\u0434\u0430 \u043f\u043e \u043d\u0430\u043f\u043e\u043b\u044c\u043d\u044b\u043c \u043f\u043e\u043a\u0440\u044b\u0442\u0438\u044f\u043c \u0432 \u043a\u043e\u043c\u043f\u0430\u043d\u0438\u0438 Incon Construction \u043f\u0440\u0435\u0434\u043b\u0430\u0433\u0430\u0435\u0442 \u0448\u0438\u0440\u043e\u043a\u0438\u0439 \u0441\u043f\u0435\u043a\u0442\u0440 \u0443\u0441\u043b\u0443\u0433, \u0432\u043a\u043b\u044e\u0447\u0430\u044f \u0443\u0441\u0442\u0430\u043d\u043e\u0432\u043a\u0443, \u0440\u0435\u043c\u043e\u043d\u0442 \u0438 \u043e\u0431\u043d\u043e\u0432\u043b\u0435\u043d\u0438\u0435 \u043d\u0430\u043f\u043e\u043b\u044c\u043d\u044b\u0445 \u043f\u043e\u043a\u0440\u044b\u0442\u0438\u0439. \u041c\u044b \u0438\u0441\u043f\u043e\u043b\u044c\u0437\u0443\u0435\u043c \u0442\u043e\u043b\u044c\u043a\u043e \u0432\u044b\u0441\u043e\u043a\u043e\u043a\u0430\u0447\u0435\u0441\u0442\u0432\u0435\u043d\u043d\u044b\u0435 \u043c\u0430\u0442\u0435\u0440\u0438\u0430\u043b\u044b \u0438 \u0441\u043e\u0432\u0440\u0435\u043c\u0435\u043d\u043d\u044b\u0435 \u0442\u0435\u0445\u043d\u043e\u043b\u043e\u0433\u0438\u0438, \u0447\u0442\u043e\u0431\u044b \u0432\u0430\u0448\u0438 \u043f\u043e\u043b\u044b \u0431\u044b\u043b\u0438 \u0434\u043e\u043b\u0433\u043e\u0432\u0435\u0447\u043d\u044b\u043c\u0438 \u0438 \u043a\u0440\u0430\u0441\u0438\u0432\u044b\u043c\u0438.<\/p>\n<p>\u041d\u0430\u0448\u0430 \u043a\u043e\u043c\u0430\u043d\u0434\u0430 \u0442\u0435\u0441\u043d\u043e \u0441\u043e\u0442\u0440\u0443\u0434\u043d\u0438\u0447\u0430\u0435\u0442 \u0441 \u043a\u043b\u0438\u0435\u043d\u0442\u0430\u043c\u0438, \u0447\u0442\u043e\u0431\u044b \u0443\u0434\u043e\u0432\u043b\u0435\u0442\u0432\u043e\u0440\u0438\u0442\u044c \u0438\u0445 \u0438\u043d\u0434\u0438\u0432\u0438\u0434\u0443\u0430\u043b\u044c\u043d\u044b\u0435 \u043f\u043e\u0442\u0440\u0435\u0431\u043d\u043e\u0441\u0442\u0438 \u0438 \u0442\u0440\u0435\u0431\u043e\u0432\u0430\u043d\u0438\u044f. \u041c\u044b \u043f\u0440\u0435\u0434\u043b\u0430\u0433\u0430\u0435\u043c \u0448\u0438\u0440\u043e\u043a\u0438\u0439 \u0432\u044b\u0431\u043e\u0440 \u0434\u0438\u0437\u0430\u0439\u043d\u043e\u0432 \u0438 \u043c\u0430\u0442\u0435\u0440\u0438\u0430\u043b\u043e\u0432, \u0447\u0442\u043e\u0431\u044b \u0433\u0430\u0440\u0430\u043d\u0442\u0438\u0440\u043e\u0432\u0430\u0442\u044c, \u0447\u0442\u043e \u0432\u0430\u0448\u0438 \u043f\u043e\u043b\u044b \u0431\u0443\u0434\u0443\u0442 \u0441\u043f\u0440\u043e\u0435\u043a\u0442\u0438\u0440\u043e\u0432\u0430\u043d\u044b \u0432 \u0442\u043e\u0447\u043d\u043e\u043c \u0441\u043e\u043e\u0442\u0432\u0435\u0442\u0441\u0442\u0432\u0438\u0438 \u0441 \u0432\u0430\u0448\u0438\u043c\u0438 \u0442\u0440\u0435\u0431\u043e\u0432\u0430\u043d\u0438\u044f\u043c\u0438.<\/p>\n<p>\u0412 Incon Bau \u043c\u044b \u0441\u0442\u0440\u0435\u043c\u0438\u043c\u0441\u044f \u043a \u0442\u043e\u043c\u0443, \u0447\u0442\u043e\u0431\u044b \u043d\u0430\u0448\u0438 \u043a\u043b\u0438\u0435\u043d\u0442\u044b \u0431\u044b\u043b\u0438 \u0434\u043e\u0432\u043e\u043b\u044c\u043d\u044b \u0440\u0435\u0437\u0443\u043b\u044c\u0442\u0430\u0442\u043e\u043c \u043d\u0430\u0448\u0435\u0439 \u0440\u0430\u0431\u043e\u0442\u044b. \u041f\u043e\u044d\u0442\u043e\u043c\u0443 \u043c\u044b \u0442\u0435\u0441\u043d\u043e \u0441\u043e\u0442\u0440\u0443\u0434\u043d\u0438\u0447\u0430\u0435\u043c \u0441 \u043d\u0438\u043c\u0438, \u0447\u0442\u043e\u0431\u044b \u043e\u0431\u0435\u0441\u043f\u0435\u0447\u0438\u0442\u044c \u0438\u0445 \u0443\u0447\u0430\u0441\u0442\u0438\u0435 \u0432 \u043f\u0440\u043e\u0446\u0435\u0441\u0441\u0435 \u043e\u0442 \u043d\u0430\u0447\u0430\u043b\u0430 \u0434\u043e \u043a\u043e\u043d\u0446\u0430.<\/p>\n<p>\u041d\u0430\u0448\u0430 \u043a\u043e\u043c\u0430\u043d\u0434\u0430 \u043f\u043e \u043d\u0430\u043f\u043e\u043b\u044c\u043d\u044b\u043c \u043f\u043e\u043a\u0440\u044b\u0442\u0438\u044f\u043c \u0441\u0442\u0440\u0435\u043c\u0438\u0442\u0441\u044f \u0432\u044b\u043f\u043e\u043b\u043d\u044f\u0442\u044c \u043f\u0440\u0435\u0432\u043e\u0441\u0445\u043e\u0434\u043d\u0443\u044e \u0440\u0430\u0431\u043e\u0442\u0443 \u0438 \u0440\u0430\u0434\u043e\u0432\u0430\u0442\u044c \u043d\u0430\u0448\u0438\u0445 \u043a\u043b\u0438\u0435\u043d\u0442\u043e\u0432 \u0432\u044b\u0441\u043e\u043a\u043e\u043a\u0430\u0447\u0435\u0441\u0442\u0432\u0435\u043d\u043d\u044b\u043c\u0438 \u043d\u0430\u043f\u043e\u043b\u044c\u043d\u044b\u043c\u0438 \u043f\u043e\u043a\u0440\u044b\u0442\u0438\u044f\u043c\u0438.<\/p>\t\t\t\t\t\t\t\t<\/div>\n\t\t\t\t<\/div>\n\t\t\t\t\t<\/div>\n\t\t<\/div>\n\t\t\t\t\t<\/div>\n\t\t<\/section>\n\t\t\t\t<section class=\"elementor-section elementor-top-section elementor-element elementor-element-7803aae elementor-section-content-middle elementor-section-boxed elementor-section-height-default elementor-section-height-default\" data-id=\"7803aae\" data-element_type=\"section\" data-e-type=\"section\" data-settings=\"{&quot;background_background&quot;:&quot;classic&quot;}\">\n\t\t\t\t\t\t<div class=\"elementor-container elementor-column-gap-default\">\n\t\t\t\t\t<div class=\"elementor-column elementor-col-66 elementor-top-column elementor-element elementor-element-7c713bd elementor-invisible\" data-id=\"7c713bd\" data-element_type=\"column\" data-e-type=\"column\" data-settings=\"{&quot;animation&quot;:&quot;fadeInUp&quot;}\">\n\t\t\t<div class=\"elementor-widget-wrap elementor-element-populated\">\n\t\t\t\t\t\t<div class=\"elementor-element elementor-element-6b1ccad elementor-widget elementor-widget-heading\" data-id=\"6b1ccad\" data-element_type=\"widget\" data-e-type=\"widget\" data-widget_type=\"heading.default\">\n\t\t\t\t<div class=\"elementor-widget-container\">\n\t\t\t\t\t<h4 class=\"elementor-heading-title elementor-size-default\">\u0421\u0432\u044f\u0436\u0438\u0442\u0435\u0441\u044c \u0441 \u043d\u0430\u043c\u0438 \u0434\u043b\u044f \u0432\u0430\u0448\u0435\u0433\u043e \u0441\u043b\u0435\u0434\u0443\u044e\u0449\u0435\u0433\u043e \u0441\u0442\u0440\u043e\u0438\u0442\u0435\u043b\u044c\u043d\u043e\u0433\u043e \u043f\u0440\u043e\u0435\u043a\u0442\u0430!<\/h4>\t\t\t\t<\/div>\n\t\t\t\t<\/div>\n\t\t\t\t<div class=\"elementor-element elementor-element-639ad0e elementor-widget elementor-widget-text-editor\" data-id=\"639ad0e\" data-element_type=\"widget\" data-e-type=\"widget\" data-widget_type=\"text-editor.default\">\n\t\t\t\t<div class=\"elementor-widget-container\">\n\t\t\t\t\t\t\t\t\t<p>\u041a\u043e\u043c\u043f\u0430\u043d\u0438\u044f Incon Bau \u043f\u0440\u0435\u0434\u043b\u0430\u0433\u0430\u0435\u0442 \u0448\u0438\u0440\u043e\u043a\u0438\u0439 \u0441\u043f\u0435\u043a\u0442\u0440 \u0441\u0442\u0440\u043e\u0438\u0442\u0435\u043b\u044c\u043d\u044b\u0445 \u0443\u0441\u043b\u0443\u0433: \u043e\u0442 \u043c\u043e\u043d\u0442\u0430\u0436\u0430 \u0441\u0438\u0441\u0442\u0435\u043c \u043e\u0442\u043e\u043f\u043b\u0435\u043d\u0438\u044f \u0438 \u0441\u0430\u043d\u0442\u0435\u0445\u043d\u0438\u043a\u0438 \u0434\u043e \u0443\u0441\u0442\u0430\u043d\u043e\u0432\u043a\u0438 \u043d\u0430\u0442\u044f\u0436\u043d\u044b\u0445 \u043f\u043e\u0442\u043e\u043b\u043a\u043e\u0432 \u0438 \u0441\u043e\u043b\u043d\u0435\u0447\u043d\u044b\u0445 \u043f\u0430\u043d\u0435\u043b\u0435\u0439. \u041c\u044b \u0433\u043e\u0442\u043e\u0432\u044b \u043f\u0440\u043e\u0444\u0435\u0441\u0441\u0438\u043e\u043d\u0430\u043b\u044c\u043d\u043e \u0438 \u044d\u0444\u0444\u0435\u043a\u0442\u0438\u0432\u043d\u043e \u0440\u0435\u0430\u043b\u0438\u0437\u043e\u0432\u0430\u0442\u044c \u0432\u0430\u0448 \u0441\u043b\u0435\u0434\u0443\u044e\u0449\u0438\u0439 \u0441\u0442\u0440\u043e\u0438\u0442\u0435\u043b\u044c\u043d\u044b\u0439 \u043f\u0440\u043e\u0435\u043a\u0442.<\/p>\t\t\t\t\t\t\t\t<\/div>\n\t\t\t\t<\/div>\n\t\t\t\t\t<\/div>\n\t\t<\/div>\n\t\t\t\t<div class=\"elementor-column elementor-col-33 elementor-top-column elementor-element elementor-element-6dcd6cc\" data-id=\"6dcd6cc\" data-element_type=\"column\" data-e-type=\"column\">\n\t\t\t<div class=\"elementor-widget-wrap elementor-element-populated\">\n\t\t\t\t\t\t<div class=\"elementor-element elementor-element-47018a9 elementor-mobile-align-left elementor-invisible elementor-widget elementor-widget-button\" data-id=\"47018a9\" data-element_type=\"widget\" data-e-type=\"widget\" data-settings=\"{&quot;_animation&quot;:&quot;zoomIn&quot;}\" data-widget_type=\"button.default\">\n\t\t\t\t<div class=\"elementor-widget-container\">\n\t\t\t\t\t\t\t\t\t<div class=\"elementor-button-wrapper\">\n\t\t\t\t\t<a class=\"elementor-button elementor-button-link elementor-size-sm elementor-animation-grow\" href=\"https:\/\/inconbau.listingprofis.site\/ru\/kontakt\/\">\n\t\t\t\t\t\t<span class=\"elementor-button-content-wrapper\">\n\t\t\t\t\t\t\t\t\t<span class=\"elementor-button-text\">\u0421\u0432\u044f\u0436\u0438\u0442\u0435\u0441\u044c \u0441 \u043d\u0430\u043c\u0438 \u0441\u0435\u0439\u0447\u0430\u0441, \u0447\u0442\u043e\u0431\u044b \u043f\u043e\u043b\u0443\u0447\u0438\u0442\u044c \u0440\u0430\u0441\u0446\u0435\u043d\u043a\u0438!<\/span>\n\t\t\t\t\t<\/span>\n\t\t\t\t\t<\/a>\n\t\t\t\t<\/div>\n\t\t\t\t\t\t\t\t<\/div>\n\t\t\t\t<\/div>\n\t\t\t\t\t<\/div>\n\t\t<\/div>\n\t\t\t\t\t<\/div>\n\t\t<\/section>\n\t\t\t\t<\/div>","protected":false},"excerpt":{"rendered":"<p>Hochwertige B\u00f6den &#8211; Mit Incon Bau zu einem sch\u00f6neren Zuhause. Unser Bodenteam bei Incon Bau bietet eine breite Palette von Dienstleistungen an, einschlie\u00dflich Installation, Reparatur und Renovierung von Bodenbel\u00e4gen. Wir verwenden nur hochwertige Materialien und moderne Techniken, um sicherzustellen, dass Ihre B\u00f6den langlebig und sch\u00f6n sind. Unser Team arbeitet eng mit unseren Kunden zusammen, um [&hellip;]<\/p>","protected":false},"author":1,"featured_media":0,"parent":0,"menu_order":0,"comment_status":"closed","ping_status":"closed","template":"","meta":{"footnotes":""},"class_list":["post-232","page","type-page","status-publish","hentry"],"yoast_head":"<!-- This site is optimized with the Yoast SEO plugin v27.4 - https:\/\/yoast.com\/product\/yoast-seo-wordpress\/ -->\n<title>B\u00f6den - Inconbau<\/title>\n<meta name=\"robots\" content=\"noindex, follow, max-snippet:-1, max-image-preview:large, max-video-preview:-1\" \/>\n<meta property=\"og:locale\" content=\"ru_RU\" \/>\n<meta property=\"og:type\" content=\"article\" \/>\n<meta property=\"og:title\" content=\"B\u00f6den - Inconbau\" \/>\n<meta property=\"og:description\" content=\"Hochwertige B\u00f6den &#8211; Mit Incon Bau zu einem sch\u00f6neren Zuhause. Unser Bodenteam bei Incon Bau bietet eine breite Palette von Dienstleistungen an, einschlie\u00dflich Installation, Reparatur und Renovierung von Bodenbel\u00e4gen. Wir verwenden nur hochwertige Materialien und moderne Techniken, um sicherzustellen, dass Ihre B\u00f6den langlebig und sch\u00f6n sind. Unser Team arbeitet eng mit unseren Kunden zusammen, um [&hellip;]\" \/>\n<meta property=\"og:url\" content=\"https:\/\/inconbau.listingprofis.site\/ru\/boden\/\" \/>\n<meta property=\"og:site_name\" content=\"Inconbau\" \/>\n<meta property=\"article:publisher\" content=\"https:\/\/facebook.com\/InconBau\/\" \/>\n<meta property=\"article:modified_time\" content=\"2024-02-18T15:24:01+00:00\" \/>\n<meta name=\"twitter:card\" content=\"summary_large_image\" \/>\n<meta name=\"twitter:label1\" content=\"\u041f\u0440\u0438\u043c\u0435\u0440\u043d\u043e\u0435 \u0432\u0440\u0435\u043c\u044f \u0434\u043b\u044f \u0447\u0442\u0435\u043d\u0438\u044f\" \/>\n\t<meta name=\"twitter:data1\" content=\"1 \u043c\u0438\u043d\u0443\u0442\u0430\" \/>\n<script type=\"application\/ld+json\" class=\"yoast-schema-graph\">{\"@context\":\"https:\\\/\\\/schema.org\",\"@graph\":[{\"@type\":\"WebPage\",\"@id\":\"https:\\\/\\\/inconbau.listingprofis.site\\\/boden\\\/\",\"url\":\"https:\\\/\\\/inconbau.listingprofis.site\\\/boden\\\/\",\"name\":\"B\u00f6den - Inconbau\",\"isPartOf\":{\"@id\":\"https:\\\/\\\/inconbau.listingprofis.site\\\/#website\"},\"datePublished\":\"2023-03-31T00:47:22+00:00\",\"dateModified\":\"2024-02-18T15:24:01+00:00\",\"breadcrumb\":{\"@id\":\"https:\\\/\\\/inconbau.listingprofis.site\\\/boden\\\/#breadcrumb\"},\"inLanguage\":\"ru-RU\",\"potentialAction\":[{\"@type\":\"ReadAction\",\"target\":[\"https:\\\/\\\/inconbau.listingprofis.site\\\/boden\\\/\"]}]},{\"@type\":\"BreadcrumbList\",\"@id\":\"https:\\\/\\\/inconbau.listingprofis.site\\\/boden\\\/#breadcrumb\",\"itemListElement\":[{\"@type\":\"ListItem\",\"position\":1,\"name\":\"Home\",\"item\":\"https:\\\/\\\/inconbau.listingprofis.site\\\/\"},{\"@type\":\"ListItem\",\"position\":2,\"name\":\"B\u00f6den\"}]},{\"@type\":\"WebSite\",\"@id\":\"https:\\\/\\\/inconbau.listingprofis.site\\\/#website\",\"url\":\"https:\\\/\\\/inconbau.listingprofis.site\\\/\",\"name\":\"Inconbau\",\"description\":\"Ihr exklusiver Handwerker\",\"publisher\":{\"@id\":\"https:\\\/\\\/inconbau.listingprofis.site\\\/#organization\"},\"potentialAction\":[{\"@type\":\"SearchAction\",\"target\":{\"@type\":\"EntryPoint\",\"urlTemplate\":\"https:\\\/\\\/inconbau.listingprofis.site\\\/?s={search_term_string}\"},\"query-input\":{\"@type\":\"PropertyValueSpecification\",\"valueRequired\":true,\"valueName\":\"search_term_string\"}}],\"inLanguage\":\"ru-RU\"},{\"@type\":\"Organization\",\"@id\":\"https:\\\/\\\/inconbau.listingprofis.site\\\/#organization\",\"name\":\"Inconbau\",\"url\":\"https:\\\/\\\/inconbau.listingprofis.site\\\/\",\"logo\":{\"@type\":\"ImageObject\",\"inLanguage\":\"ru-RU\",\"@id\":\"https:\\\/\\\/inconbau.listingprofis.site\\\/#\\\/schema\\\/logo\\\/image\\\/\",\"url\":\"https:\\\/\\\/inconbau.listingprofis.site\\\/wp-content\\\/uploads\\\/2023\\\/03\\\/horizontal-jpeg.jpg\",\"contentUrl\":\"https:\\\/\\\/inconbau.listingprofis.site\\\/wp-content\\\/uploads\\\/2023\\\/03\\\/horizontal-jpeg.jpg\",\"width\":1054,\"height\":272,\"caption\":\"Inconbau\"},\"image\":{\"@id\":\"https:\\\/\\\/inconbau.listingprofis.site\\\/#\\\/schema\\\/logo\\\/image\\\/\"},\"sameAs\":[\"https:\\\/\\\/facebook.com\\\/InconBau\\\/\",\"https:\\\/\\\/www.instagram.com\\\/inconbau\\\/\"]}]}<\/script>\n<!-- \/ Yoast SEO plugin. -->","yoast_head_json":{"title":"B\u00f6den - Inconbau","robots":{"index":"noindex","follow":"follow","max-snippet":"max-snippet:-1","max-image-preview":"max-image-preview:large","max-video-preview":"max-video-preview:-1"},"og_locale":"ru_RU","og_type":"article","og_title":"B\u00f6den - Inconbau","og_description":"Hochwertige B\u00f6den &#8211; Mit Incon Bau zu einem sch\u00f6neren Zuhause. Unser Bodenteam bei Incon Bau bietet eine breite Palette von Dienstleistungen an, einschlie\u00dflich Installation, Reparatur und Renovierung von Bodenbel\u00e4gen. Wir verwenden nur hochwertige Materialien und moderne Techniken, um sicherzustellen, dass Ihre B\u00f6den langlebig und sch\u00f6n sind. Unser Team arbeitet eng mit unseren Kunden zusammen, um [&hellip;]","og_url":"https:\/\/inconbau.listingprofis.site\/ru\/boden\/","og_site_name":"Inconbau","article_publisher":"https:\/\/facebook.com\/InconBau\/","article_modified_time":"2024-02-18T15:24:01+00:00","twitter_card":"summary_large_image","twitter_misc":{"\u041f\u0440\u0438\u043c\u0435\u0440\u043d\u043e\u0435 \u0432\u0440\u0435\u043c\u044f \u0434\u043b\u044f \u0447\u0442\u0435\u043d\u0438\u044f":"1 \u043c\u0438\u043d\u0443\u0442\u0430"},"schema":{"@context":"https:\/\/schema.org","@graph":[{"@type":"WebPage","@id":"https:\/\/inconbau.listingprofis.site\/boden\/","url":"https:\/\/inconbau.listingprofis.site\/boden\/","name":"B\u00f6den - Inconbau","isPartOf":{"@id":"https:\/\/inconbau.listingprofis.site\/#website"},"datePublished":"2023-03-31T00:47:22+00:00","dateModified":"2024-02-18T15:24:01+00:00","breadcrumb":{"@id":"https:\/\/inconbau.listingprofis.site\/boden\/#breadcrumb"},"inLanguage":"ru-RU","potentialAction":[{"@type":"ReadAction","target":["https:\/\/inconbau.listingprofis.site\/boden\/"]}]},{"@type":"BreadcrumbList","@id":"https:\/\/inconbau.listingprofis.site\/boden\/#breadcrumb","itemListElement":[{"@type":"ListItem","position":1,"name":"Home","item":"https:\/\/inconbau.listingprofis.site\/"},{"@type":"ListItem","position":2,"name":"B\u00f6den"}]},{"@type":"WebSite","@id":"https:\/\/inconbau.listingprofis.site\/#website","url":"https:\/\/inconbau.listingprofis.site\/","name":"Inconbau","description":"Ihr exklusiver Handwerker","publisher":{"@id":"https:\/\/inconbau.listingprofis.site\/#organization"},"potentialAction":[{"@type":"SearchAction","target":{"@type":"EntryPoint","urlTemplate":"https:\/\/inconbau.listingprofis.site\/?s={search_term_string}"},"query-input":{"@type":"PropertyValueSpecification","valueRequired":true,"valueName":"search_term_string"}}],"inLanguage":"ru-RU"},{"@type":"Organization","@id":"https:\/\/inconbau.listingprofis.site\/#organization","name":"Inconbau","url":"https:\/\/inconbau.listingprofis.site\/","logo":{"@type":"ImageObject","inLanguage":"ru-RU","@id":"https:\/\/inconbau.listingprofis.site\/#\/schema\/logo\/image\/","url":"https:\/\/inconbau.listingprofis.site\/wp-content\/uploads\/2023\/03\/horizontal-jpeg.jpg","contentUrl":"https:\/\/inconbau.listingprofis.site\/wp-content\/uploads\/2023\/03\/horizontal-jpeg.jpg","width":1054,"height":272,"caption":"Inconbau"},"image":{"@id":"https:\/\/inconbau.listingprofis.site\/#\/schema\/logo\/image\/"},"sameAs":["https:\/\/facebook.com\/InconBau\/","https:\/\/www.instagram.com\/inconbau\/"]}]}},"_links":{"self":[{"href":"https:\/\/inconbau.listingprofis.site\/ru\/wp-json\/wp\/v2\/pages\/232","targetHints":{"allow":["GET"]}}],"collection":[{"href":"https:\/\/inconbau.listingprofis.site\/ru\/wp-json\/wp\/v2\/pages"}],"about":[{"href":"https:\/\/inconbau.listingprofis.site\/ru\/wp-json\/wp\/v2\/types\/page"}],"author":[{"embeddable":true,"href":"https:\/\/inconbau.listingprofis.site\/ru\/wp-json\/wp\/v2\/users\/1"}],"replies":[{"embeddable":true,"href":"https:\/\/inconbau.listingprofis.site\/ru\/wp-json\/wp\/v2\/comments?post=232"}],"version-history":[{"count":5,"href":"https:\/\/inconbau.listingprofis.site\/ru\/wp-json\/wp\/v2\/pages\/232\/revisions"}],"predecessor-version":[{"id":724,"href":"https:\/\/inconbau.listingprofis.site\/ru\/wp-json\/wp\/v2\/pages\/232\/revisions\/724"}],"wp:attachment":[{"href":"https:\/\/inconbau.listingprofis.site\/ru\/wp-json\/wp\/v2\/media?parent=232"}],"curies":[{"name":"wp","href":"https:\/\/api.w.org\/{rel}","templated":true}]}}