{"id":7,"date":"2023-03-27T23:27:35","date_gmt":"2023-03-27T23:27:35","guid":{"rendered":"https:\/\/mara-ks.com\/inconbau\/?page_id=7"},"modified":"2025-08-28T00:32:08","modified_gmt":"2025-08-28T00:32:08","slug":"uber-uns","status":"publish","type":"page","link":"https:\/\/inconbau.listingprofis.site\/ru\/uber-uns\/","title":{"rendered":"\u041e \u043d\u0430\u0441"},"content":{"rendered":"<div data-elementor-type=\"wp-page\" data-elementor-id=\"7\" class=\"elementor elementor-7\" data-elementor-post-type=\"page\">\n\t\t\t\t\t\t<section class=\"elementor-section elementor-top-section elementor-element elementor-element-7d15ff1 elementor-section-boxed elementor-section-height-default elementor-section-height-default\" data-id=\"7d15ff1\" data-element_type=\"section\" data-e-type=\"section\" data-settings=\"{&quot;background_background&quot;:&quot;classic&quot;}\">\n\t\t\t\t\t\t\t<div class=\"elementor-background-overlay\"><\/div>\n\t\t\t\t\t\t\t<div class=\"elementor-container elementor-column-gap-default\">\n\t\t\t\t\t<div class=\"elementor-column elementor-col-100 elementor-top-column elementor-element elementor-element-0a85ebb\" data-id=\"0a85ebb\" data-element_type=\"column\" data-e-type=\"column\">\n\t\t\t<div class=\"elementor-widget-wrap elementor-element-populated\">\n\t\t\t\t\t\t<div class=\"elementor-element elementor-element-3b3fbb5 elementor-widget elementor-widget-heading\" data-id=\"3b3fbb5\" data-element_type=\"widget\" data-e-type=\"widget\" data-widget_type=\"heading.default\">\n\t\t\t\t<div class=\"elementor-widget-container\">\n\t\t\t\t\t<h1 class=\"elementor-heading-title elementor-size-default\">\u041e \u043d\u0430\u0441<\/h1>\t\t\t\t<\/div>\n\t\t\t\t<\/div>\n\t\t\t\t<div class=\"elementor-element elementor-element-2141673 elementor-widget elementor-widget-heading\" data-id=\"2141673\" data-element_type=\"widget\" data-e-type=\"widget\" data-widget_type=\"heading.default\">\n\t\t\t\t<div class=\"elementor-widget-container\">\n\t\t\t\t\t<h4 class=\"elementor-heading-title elementor-size-default\">\u0412\u0430\u0448 \u043a\u043e\u043c\u043f\u0435\u0442\u0435\u043d\u0442\u043d\u044b\u0439 \u043c\u0430\u0441\u0442\u0435\u0440 \u0438\u0437 \u0428\u0432\u0435\u0431\u0438\u0448-\u0413\u043c\u044e\u043d\u0434\u0430.<\/h4>\t\t\t\t<\/div>\n\t\t\t\t<\/div>\n\t\t\t\t\t<\/div>\n\t\t<\/div>\n\t\t\t\t\t<\/div>\n\t\t<\/section>\n\t\t\t\t<section class=\"elementor-section elementor-top-section elementor-element elementor-element-e01811f elementor-section-boxed elementor-section-height-default elementor-section-height-default\" data-id=\"e01811f\" data-element_type=\"section\" data-e-type=\"section\">\n\t\t\t\t\t\t<div class=\"elementor-container elementor-column-gap-default\">\n\t\t\t\t\t<div class=\"elementor-column elementor-col-100 elementor-top-column elementor-element elementor-element-384db85\" data-id=\"384db85\" data-element_type=\"column\" data-e-type=\"column\">\n\t\t\t<div class=\"elementor-widget-wrap elementor-element-populated\">\n\t\t\t\t\t\t<div class=\"elementor-element elementor-element-ec994c6 elementor-widget elementor-widget-heading\" data-id=\"ec994c6\" data-element_type=\"widget\" data-e-type=\"widget\" data-widget_type=\"heading.default\">\n\t\t\t\t<div class=\"elementor-widget-container\">\n\t\t\t\t\t<h2 class=\"elementor-heading-title elementor-size-default\">\u041d\u0430\u0448\u0430 \u043f\u0440\u0438\u0432\u0435\u0440\u0436\u0435\u043d\u043d\u043e\u0441\u0442\u044c \u0432\u044b\u0441\u043e\u0447\u0430\u0439\u0448\u0435\u043c\u0443 \u043a\u0430\u0447\u0435\u0441\u0442\u0432\u0443 \u0438 \u0443\u0434\u043e\u0432\u043b\u0435\u0442\u0432\u043e\u0440\u0435\u043d\u043d\u043e\u0441\u0442\u0438 \u043a\u043b\u0438\u0435\u043d\u0442\u043e\u0432<\/h2>\t\t\t\t<\/div>\n\t\t\t\t<\/div>\n\t\t\t\t<section class=\"elementor-section elementor-inner-section elementor-element elementor-element-6c954f3 elementor-section-boxed elementor-section-height-default elementor-section-height-default\" data-id=\"6c954f3\" data-element_type=\"section\" data-e-type=\"section\">\n\t\t\t\t\t\t<div class=\"elementor-container elementor-column-gap-default\">\n\t\t\t\t\t<div class=\"elementor-column elementor-col-50 elementor-inner-column elementor-element elementor-element-ee43b3b\" data-id=\"ee43b3b\" data-element_type=\"column\" data-e-type=\"column\">\n\t\t\t<div class=\"elementor-widget-wrap elementor-element-populated\">\n\t\t\t\t\t\t<div class=\"elementor-element elementor-element-abaa56a elementor-widget elementor-widget-text-editor\" data-id=\"abaa56a\" data-element_type=\"widget\" data-e-type=\"widget\" data-widget_type=\"text-editor.default\">\n\t\t\t\t<div class=\"elementor-widget-container\">\n\t\t\t\t\t\t\t\t\t<p>\u041d\u0430\u0448\u0430 \u044d\u043a\u0441\u043a\u043b\u044e\u0437\u0438\u0432\u043d\u0430\u044f \u0440\u0435\u043c\u0435\u0441\u043b\u0435\u043d\u043d\u0430\u044f \u043a\u043e\u043c\u043f\u0430\u043d\u0438\u044f \u0437\u0430\u0441\u043b\u0443\u0436\u0438\u043b\u0430 \u0431\u0435\u0437\u0443\u043f\u0440\u0435\u0447\u043d\u0443\u044e \u0440\u0435\u043f\u0443\u0442\u0430\u0446\u0438\u044e \u0431\u043b\u0430\u0433\u043e\u0434\u0430\u0440\u044f \u043c\u043d\u043e\u0433\u043e\u043b\u0435\u0442\u043d\u0435\u043c\u0443 \u043e\u043f\u044b\u0442\u0443 \u0438 \u043f\u0435\u0440\u0432\u043e\u043a\u043b\u0430\u0441\u0441\u043d\u043e\u0439 \u0442\u0440\u0443\u0434\u043e\u0432\u043e\u0439 \u044d\u0442\u0438\u043a\u0435. \u041c\u044b \u0438\u0441\u043f\u043e\u043b\u044c\u0437\u0443\u0435\u043c \u0432\u044b\u0441\u043e\u043a\u043e\u043a\u0430\u0447\u0435\u0441\u0442\u0432\u0435\u043d\u043d\u044b\u0435 \u043c\u0430\u0442\u0435\u0440\u0438\u0430\u043b\u044b \u0438 \u0442\u043e\u0447\u043d\u0443\u044e \u0440\u0430\u0431\u043e\u0442\u0443 \u0434\u043b\u044f \u0434\u043e\u0441\u0442\u0438\u0436\u0435\u043d\u0438\u044f \u0434\u043e\u043b\u0433\u043e\u0432\u0435\u0447\u043d\u044b\u0445 \u0438 \u0432\u043f\u0435\u0447\u0430\u0442\u043b\u044f\u044e\u0449\u0438\u0445 \u0440\u0435\u0437\u0443\u043b\u044c\u0442\u0430\u0442\u043e\u0432.<\/p>\n<p>\u041c\u044b \u043f\u0440\u0435\u0434\u043b\u0430\u0433\u0430\u0435\u043c \u0448\u0438\u0440\u043e\u043a\u0438\u0439 \u0430\u0441\u0441\u043e\u0440\u0442\u0438\u043c\u0435\u043d\u0442 \u0438\u0437\u0434\u0435\u043b\u0438\u0439 \u0440\u0443\u0447\u043d\u043e\u0439 \u0440\u0430\u0431\u043e\u0442\u044b \u0438 \u0440\u0435\u0448\u0435\u043d\u0438\u0439 \u0434\u043b\u044f \u0432\u043d\u0443\u0442\u0440\u0435\u043d\u043d\u0438\u0445 \u0438 \u043d\u0430\u0440\u0443\u0436\u043d\u044b\u0445 \u043f\u0440\u043e\u0441\u0442\u0440\u0430\u043d\u0441\u0442\u0432. \u041e\u0442 \u043f\u043b\u0430\u043d\u0438\u0440\u043e\u0432\u0430\u043d\u0438\u044f \u0438 \u043f\u0440\u043e\u0435\u043a\u0442\u0438\u0440\u043e\u0432\u0430\u043d\u0438\u044f \u0434\u043e \u0440\u0435\u0430\u043b\u0438\u0437\u0430\u0446\u0438\u0438 \u0438 \u043c\u043e\u043d\u0442\u0430\u0436\u0430 \u043c\u044b \u0442\u0435\u0441\u043d\u043e \u0441\u043e\u0442\u0440\u0443\u0434\u043d\u0438\u0447\u0430\u0435\u043c \u0441 \u043d\u0430\u0448\u0438\u043c\u0438 \u043a\u043b\u0438\u0435\u043d\u0442\u0430\u043c\u0438, \u0447\u0442\u043e\u0431\u044b \u0433\u0430\u0440\u0430\u043d\u0442\u0438\u0440\u043e\u0432\u0430\u0442\u044c, \u0447\u0442\u043e \u043a\u043e\u043d\u0435\u0447\u043d\u044b\u0439 \u043f\u0440\u043e\u0434\u0443\u043a\u0442 \u0431\u0443\u0434\u0435\u0442 \u0441\u043e\u043e\u0442\u0432\u0435\u0442\u0441\u0442\u0432\u043e\u0432\u0430\u0442\u044c \u0432\u0430\u0448\u0438\u043c \u043e\u0436\u0438\u0434\u0430\u043d\u0438\u044f\u043c.<\/p>\n<p>\u041c\u044b \u0433\u043e\u0440\u0434\u0438\u043c\u0441\u044f \u0442\u0435\u043c, \u0447\u0442\u043e \u043e\u0431\u0435\u0441\u043f\u0435\u0447\u0438\u0432\u0430\u0435\u043c \u043a\u0430\u0447\u0435\u0441\u0442\u0432\u043e, \u044d\u0444\u0444\u0435\u043a\u0442\u0438\u0432\u043d\u043e\u0441\u0442\u044c \u0438 \u043f\u0440\u043e\u0444\u0435\u0441\u0441\u0438\u043e\u043d\u0430\u043b\u0438\u0437\u043c \u043d\u0430 \u043a\u0430\u0436\u0434\u043e\u043c \u044d\u0442\u0430\u043f\u0435 \u043d\u0430\u0448\u0435\u0439 \u0440\u0430\u0431\u043e\u0442\u044b.<\/p>\t\t\t\t\t\t\t\t<\/div>\n\t\t\t\t<\/div>\n\t\t\t\t\t<\/div>\n\t\t<\/div>\n\t\t\t\t<div class=\"elementor-column elementor-col-50 elementor-inner-column elementor-element elementor-element-76e87a8\" data-id=\"76e87a8\" data-element_type=\"column\" data-e-type=\"column\">\n\t\t\t<div class=\"elementor-widget-wrap elementor-element-populated\">\n\t\t\t\t\t\t<div class=\"elementor-element elementor-element-63083a5 elementor-icon-list--layout-traditional elementor-list-item-link-full_width elementor-widget elementor-widget-icon-list\" data-id=\"63083a5\" data-element_type=\"widget\" data-e-type=\"widget\" data-widget_type=\"icon-list.default\">\n\t\t\t\t<div class=\"elementor-widget-container\">\n\t\t\t\t\t\t\t<ul class=\"elementor-icon-list-items\">\n\t\t\t\t\t\t\t<li class=\"elementor-icon-list-item\">\n\t\t\t\t\t\t\t\t\t\t\t<span class=\"elementor-icon-list-icon\">\n\t\t\t\t\t\t\t<i aria-hidden=\"true\" class=\"fas fa-check-square\"><\/i>\t\t\t\t\t\t<\/span>\n\t\t\t\t\t\t\t\t\t\t<span class=\"elementor-icon-list-text\">\u0421\u0442\u0435\u043f\u0435\u043d\u044c \u0431\u0430\u043a\u0430\u043b\u0430\u0432\u0440\u0430 \u043f\u043e \u043d\u0430\u043f\u0440\u0430\u0432\u043b\u0435\u043d\u0438\u044e \u00ab\u042d\u043d\u0435\u0440\u0433\u0435\u0442\u0438\u043a\u0430\u00bb \u0432 \u043e\u0431\u043b\u0430\u0441\u0442\u0438 \u0432\u043e\u0437\u043e\u0431\u043d\u043e\u0432\u043b\u044f\u0435\u043c\u044b\u0445 \u0438\u0441\u0442\u043e\u0447\u043d\u0438\u043a\u043e\u0432 \u044d\u043d\u0435\u0440\u0433\u0438\u0438 \u0432 \u0437\u0434\u0430\u043d\u0438\u044f\u0445 \u0438 \u0441\u0438\u0441\u0442\u0435\u043c\u0430\u0445 \u0433\u0430\u0437\u043e\u0432\u043e\u0433\u043e \u043e\u0442\u043e\u043f\u043b\u0435\u043d\u0438\u044f<\/span>\n\t\t\t\t\t\t\t\t\t<\/li>\n\t\t\t\t\t\t\t\t<li class=\"elementor-icon-list-item\">\n\t\t\t\t\t\t\t\t\t\t\t<span class=\"elementor-icon-list-icon\">\n\t\t\t\t\t\t\t<i aria-hidden=\"true\" class=\"fas fa-check-square\"><\/i>\t\t\t\t\t\t<\/span>\n\t\t\t\t\t\t\t\t\t\t<span class=\"elementor-icon-list-text\">\u0421\u0442\u0435\u043f\u0435\u043d\u044c \u0431\u0430\u043a\u0430\u043b\u0430\u0432\u0440\u0430 \u043f\u043e \u044d\u043b\u0435\u043a\u0442\u0440\u043e\u0442\u0435\u0445\u043d\u0438\u043a\u0435 \u0434\u043b\u044f \u044d\u043b\u0435\u043a\u0442\u0440\u043e\u0443\u0441\u0442\u0430\u043d\u043e\u0432\u043e\u043a \u0432 \u0436\u0438\u043b\u044b\u0445 \u0438 \u043a\u043e\u043c\u043c\u0435\u0440\u0447\u0435\u0441\u043a\u0438\u0445 \u0437\u0434\u0430\u043d\u0438\u044f\u0445<\/span>\n\t\t\t\t\t\t\t\t\t<\/li>\n\t\t\t\t\t\t\t\t<li class=\"elementor-icon-list-item\">\n\t\t\t\t\t\t\t\t\t\t\t<span class=\"elementor-icon-list-icon\">\n\t\t\t\t\t\t\t<i aria-hidden=\"true\" class=\"fas fa-check-square\"><\/i>\t\t\t\t\t\t<\/span>\n\t\t\t\t\t\t\t\t\t\t<span class=\"elementor-icon-list-text\">\u042d\u043a\u0441\u043f\u0435\u0440\u0442\u0438\u0437\u0430 \u0430\u0441\u0431\u0435\u0441\u0442\u0430 \u0432 \u0441\u043e\u043e\u0442\u0432\u0435\u0442\u0441\u0442\u0432\u0438\u0438 \u0441 \u043f. 2.7 TRGS 519 \u0434\u043b\u044f \u0440\u0430\u0431\u043e\u0442 \u043f\u043e \u0441\u043d\u043e\u0441\u0443, \u0440\u0435\u043a\u043e\u043d\u0441\u0442\u0440\u0443\u043a\u0446\u0438\u0438 \u0438\u043b\u0438 \u0442\u0435\u0445\u043d\u0438\u0447\u0435\u0441\u043a\u043e\u043c\u0443 \u043e\u0431\u0441\u043b\u0443\u0436\u0438\u0432\u0430\u043d\u0438\u044e, \u043f\u0440\u0438\u043b\u043e\u0436\u0435\u043d\u0438\u0435 3<\/span>\n\t\t\t\t\t\t\t\t\t<\/li>\n\t\t\t\t\t\t\t\t<li class=\"elementor-icon-list-item\">\n\t\t\t\t\t\t\t\t\t\t\t<span class=\"elementor-icon-list-icon\">\n\t\t\t\t\t\t\t<i aria-hidden=\"true\" class=\"fas fa-check-square\"><\/i>\t\t\t\t\t\t<\/span>\n\t\t\t\t\t\t\t\t\t\t<span class=\"elementor-icon-list-text\">\u042d\u043a\u0441\u043f\u0435\u0440\u0442 \u043f\u043e \u0430\u0441\u0431\u0435\u0441\u0442\u043e\u0432\u043e\u043c\u0443 \u043e\u0431\u043e\u0440\u0443\u0434\u043e\u0432\u0430\u043d\u0438\u044e \u043d\u0430 \u043e\u0441\u043d\u043e\u0432\u0435 TRGS 519 \u2116 2.16<\/span>\n\t\t\t\t\t\t\t\t\t<\/li>\n\t\t\t\t\t\t\t\t<li class=\"elementor-icon-list-item\">\n\t\t\t\t\t\t\t\t\t\t\t<span class=\"elementor-icon-list-icon\">\n\t\t\t\t\t\t\t<i aria-hidden=\"true\" class=\"fas fa-check-square\"><\/i>\t\t\t\t\t\t<\/span>\n\t\t\t\t\t\t\t\t\t\t<span class=\"elementor-icon-list-text\">\u042d\u043a\u0441\u043f\u0435\u0440\u0442 \u043d\u0430 \u043e\u0441\u043d\u043e\u0432\u0430\u043d\u0438\u0438 TRGS 521 \u00ab\u041e\u0431\u0440\u0430\u0449\u0435\u043d\u0438\u0435 \u0441 \u043c\u0438\u043d\u0435\u0440\u0430\u043b\u044c\u043d\u044b\u043c\u0438 \u0438\u0437\u043e\u043b\u044f\u0446\u0438\u043e\u043d\u043d\u044b\u043c\u0438 \u043c\u0430\u0442\u0435\u0440\u0438\u0430\u043b\u0430\u043c\u0438\u00bb.<\/span>\n\t\t\t\t\t\t\t\t\t<\/li>\n\t\t\t\t\t\t\t\t<li class=\"elementor-icon-list-item\">\n\t\t\t\t\t\t\t\t\t\t\t<span class=\"elementor-icon-list-icon\">\n\t\t\t\t\t\t\t<i aria-hidden=\"true\" class=\"fas fa-check-square\"><\/i>\t\t\t\t\t\t<\/span>\n\t\t\t\t\t\t\t\t\t\t<span class=\"elementor-icon-list-text\">\u041a\u0443\u0440\u0441 \u043f\u043e\u0432\u044b\u0448\u0435\u043d\u0438\u044f \u043a\u0432\u0430\u043b\u0438\u0444\u0438\u043a\u0430\u0446\u0438\u0438 \u0441\u043f\u0435\u0446\u0438\u0430\u043b\u0438\u0441\u0442\u043e\u0432 \u0432 \u0441\u043e\u043e\u0442\u0432\u0435\u0442\u0441\u0442\u0432\u0438\u0438 \u0441 \u043f\u0440\u0430\u0432\u0438\u043b\u043e\u043c DGUV 101-004 (\u0440\u0430\u043d\u0435\u0435: BGR 128), \u043f\u0440\u0438\u043b\u043e\u0436\u0435\u043d\u0438\u0435 6 B  <br>\u00ab\u0423\u0434\u0430\u043b\u0435\u043d\u0438\u0435 \u041f\u0410\u0423-\u0441\u043e\u0434\u0435\u0440\u0436\u0430\u0449\u0438\u0445 \u043a\u043b\u0435\u0435\u0432, \u043a\u0430\u0440\u0442\u043e\u043d\u0430 \u0438 \u0442. \u0434. (\u043e\u0447\u0438\u0441\u0442\u043a\u0430 \u043e\u0442 \u041f\u0410\u0423)\u00bb. <br>\u0423\u0434\u0430\u043b\u0435\u043d\u0438\u0435 \u0433\u0435\u0440\u043c\u0435\u0442\u0438\u043a\u043e\u0432 \u0434\u043b\u044f \u0448\u0432\u043e\u0432, \u0441\u043e\u0434\u0435\u0440\u0436\u0430\u0449\u0438\u0445 \u041f\u0425\u0411, \u0438 \u0442. \u0434. (\u043e\u0447\u0438\u0441\u0442\u043a\u0430 \u043e\u0442 \u041f\u0425\u0411)\u00bb. <br>\u0423\u0434\u0430\u043b\u0435\u043d\u0438\u0435 \u043a\u043e\u043d\u0441\u0435\u0440\u0432\u0430\u043d\u0442\u043e\u0432 \u0441 \u043e\u0431\u0440\u0430\u0431\u043e\u0442\u0430\u043d\u043d\u043e\u0439 \u0434\u0440\u0435\u0432\u0435\u0441\u0438\u043d\u044b.<\/span>\n\t\t\t\t\t\t\t\t\t<\/li>\n\t\t\t\t\t\t<\/ul>\n\t\t\t\t\t\t<\/div>\n\t\t\t\t<\/div>\n\t\t\t\t\t<\/div>\n\t\t<\/div>\n\t\t\t\t\t<\/div>\n\t\t<\/section>\n\t\t\t\t<div class=\"elementor-element elementor-element-ead5126 elementor-widget elementor-widget-spacer\" data-id=\"ead5126\" data-element_type=\"widget\" data-e-type=\"widget\" data-widget_type=\"spacer.default\">\n\t\t\t\t<div class=\"elementor-widget-container\">\n\t\t\t\t\t\t\t<div class=\"elementor-spacer\">\n\t\t\t<div class=\"elementor-spacer-inner\"><\/div>\n\t\t<\/div>\n\t\t\t\t\t\t<\/div>\n\t\t\t\t<\/div>\n\t\t\t\t\t<\/div>\n\t\t<\/div>\n\t\t\t\t\t<\/div>\n\t\t<\/section>\n\t\t\t\t<\/div>","protected":false},"excerpt":{"rendered":"<p>Ihr kompetenter Handwerker aus Schw\u00e4bisch Gm\u00fcnd. Unser Engagement f\u00fcr h\u00f6chste Qualit\u00e4t und Kundenzufriedenheit Unser exklusives Handwerkerunternehmen hat sich durch jahrelange Erfahrung und eine erstklassige Arbeitsethik einen hervorragenden Ruf erworben. Wir setzen auf hochwertige Materialien und pr\u00e4zise Handwerkskunst, um langlebige und beeindruckende Ergebnisse zu erzielen. Unsere Leistungen umfassen eine breite Palette von handgefertigten Produkten und L\u00f6sungen [&hellip;]<\/p>","protected":false},"author":1,"featured_media":0,"parent":0,"menu_order":0,"comment_status":"closed","ping_status":"closed","template":"","meta":{"footnotes":""},"class_list":["post-7","page","type-page","status-publish","hentry"],"yoast_head":"<!-- This site is optimized with the Yoast SEO plugin v27.4 - https:\/\/yoast.com\/product\/yoast-seo-wordpress\/ -->\n<title>\u00dcber uns - Inconbau<\/title>\n<meta name=\"robots\" content=\"noindex, follow, max-snippet:-1, max-image-preview:large, max-video-preview:-1\" \/>\n<meta property=\"og:locale\" content=\"ru_RU\" \/>\n<meta property=\"og:type\" content=\"article\" \/>\n<meta property=\"og:title\" content=\"\u00dcber uns - Inconbau\" \/>\n<meta property=\"og:description\" content=\"Ihr kompetenter Handwerker aus Schw\u00e4bisch Gm\u00fcnd. Unser Engagement f\u00fcr h\u00f6chste Qualit\u00e4t und Kundenzufriedenheit Unser exklusives Handwerkerunternehmen hat sich durch jahrelange Erfahrung und eine erstklassige Arbeitsethik einen hervorragenden Ruf erworben. Wir setzen auf hochwertige Materialien und pr\u00e4zise Handwerkskunst, um langlebige und beeindruckende Ergebnisse zu erzielen. Unsere Leistungen umfassen eine breite Palette von handgefertigten Produkten und L\u00f6sungen [&hellip;]\" \/>\n<meta property=\"og:url\" content=\"https:\/\/inconbau.listingprofis.site\/ru\/uber-uns\/\" \/>\n<meta property=\"og:site_name\" content=\"Inconbau\" \/>\n<meta property=\"article:publisher\" content=\"https:\/\/facebook.com\/InconBau\/\" \/>\n<meta property=\"article:modified_time\" content=\"2025-08-28T00:32:08+00:00\" \/>\n<meta name=\"twitter:card\" content=\"summary_large_image\" \/>\n<meta name=\"twitter:label1\" content=\"\u041f\u0440\u0438\u043c\u0435\u0440\u043d\u043e\u0435 \u0432\u0440\u0435\u043c\u044f \u0434\u043b\u044f \u0447\u0442\u0435\u043d\u0438\u044f\" \/>\n\t<meta name=\"twitter:data1\" content=\"2 \u043c\u0438\u043d\u0443\u0442\u044b\" \/>\n<script type=\"application\/ld+json\" class=\"yoast-schema-graph\">{\"@context\":\"https:\\\/\\\/schema.org\",\"@graph\":[{\"@type\":\"WebPage\",\"@id\":\"https:\\\/\\\/inconbau.listingprofis.site\\\/uber-uns\\\/\",\"url\":\"https:\\\/\\\/inconbau.listingprofis.site\\\/uber-uns\\\/\",\"name\":\"\u00dcber uns - Inconbau\",\"isPartOf\":{\"@id\":\"https:\\\/\\\/inconbau.listingprofis.site\\\/#website\"},\"datePublished\":\"2023-03-27T23:27:35+00:00\",\"dateModified\":\"2025-08-28T00:32:08+00:00\",\"breadcrumb\":{\"@id\":\"https:\\\/\\\/inconbau.listingprofis.site\\\/uber-uns\\\/#breadcrumb\"},\"inLanguage\":\"ru-RU\",\"potentialAction\":[{\"@type\":\"ReadAction\",\"target\":[\"https:\\\/\\\/inconbau.listingprofis.site\\\/uber-uns\\\/\"]}]},{\"@type\":\"BreadcrumbList\",\"@id\":\"https:\\\/\\\/inconbau.listingprofis.site\\\/uber-uns\\\/#breadcrumb\",\"itemListElement\":[{\"@type\":\"ListItem\",\"position\":1,\"name\":\"Home\",\"item\":\"https:\\\/\\\/inconbau.listingprofis.site\\\/\"},{\"@type\":\"ListItem\",\"position\":2,\"name\":\"\u00dcber uns\"}]},{\"@type\":\"WebSite\",\"@id\":\"https:\\\/\\\/inconbau.listingprofis.site\\\/#website\",\"url\":\"https:\\\/\\\/inconbau.listingprofis.site\\\/\",\"name\":\"Inconbau\",\"description\":\"Ihr exklusiver Handwerker\",\"publisher\":{\"@id\":\"https:\\\/\\\/inconbau.listingprofis.site\\\/#organization\"},\"potentialAction\":[{\"@type\":\"SearchAction\",\"target\":{\"@type\":\"EntryPoint\",\"urlTemplate\":\"https:\\\/\\\/inconbau.listingprofis.site\\\/?s={search_term_string}\"},\"query-input\":{\"@type\":\"PropertyValueSpecification\",\"valueRequired\":true,\"valueName\":\"search_term_string\"}}],\"inLanguage\":\"ru-RU\"},{\"@type\":\"Organization\",\"@id\":\"https:\\\/\\\/inconbau.listingprofis.site\\\/#organization\",\"name\":\"Inconbau\",\"url\":\"https:\\\/\\\/inconbau.listingprofis.site\\\/\",\"logo\":{\"@type\":\"ImageObject\",\"inLanguage\":\"ru-RU\",\"@id\":\"https:\\\/\\\/inconbau.listingprofis.site\\\/#\\\/schema\\\/logo\\\/image\\\/\",\"url\":\"https:\\\/\\\/inconbau.listingprofis.site\\\/wp-content\\\/uploads\\\/2023\\\/03\\\/horizontal-jpeg.jpg\",\"contentUrl\":\"https:\\\/\\\/inconbau.listingprofis.site\\\/wp-content\\\/uploads\\\/2023\\\/03\\\/horizontal-jpeg.jpg\",\"width\":1054,\"height\":272,\"caption\":\"Inconbau\"},\"image\":{\"@id\":\"https:\\\/\\\/inconbau.listingprofis.site\\\/#\\\/schema\\\/logo\\\/image\\\/\"},\"sameAs\":[\"https:\\\/\\\/facebook.com\\\/InconBau\\\/\",\"https:\\\/\\\/www.instagram.com\\\/inconbau\\\/\"]}]}<\/script>\n<!-- \/ Yoast SEO plugin. -->","yoast_head_json":{"title":"\u00dcber uns - Inconbau","robots":{"index":"noindex","follow":"follow","max-snippet":"max-snippet:-1","max-image-preview":"max-image-preview:large","max-video-preview":"max-video-preview:-1"},"og_locale":"ru_RU","og_type":"article","og_title":"\u00dcber uns - Inconbau","og_description":"Ihr kompetenter Handwerker aus Schw\u00e4bisch Gm\u00fcnd. Unser Engagement f\u00fcr h\u00f6chste Qualit\u00e4t und Kundenzufriedenheit Unser exklusives Handwerkerunternehmen hat sich durch jahrelange Erfahrung und eine erstklassige Arbeitsethik einen hervorragenden Ruf erworben. Wir setzen auf hochwertige Materialien und pr\u00e4zise Handwerkskunst, um langlebige und beeindruckende Ergebnisse zu erzielen. Unsere Leistungen umfassen eine breite Palette von handgefertigten Produkten und L\u00f6sungen [&hellip;]","og_url":"https:\/\/inconbau.listingprofis.site\/ru\/uber-uns\/","og_site_name":"Inconbau","article_publisher":"https:\/\/facebook.com\/InconBau\/","article_modified_time":"2025-08-28T00:32:08+00:00","twitter_card":"summary_large_image","twitter_misc":{"\u041f\u0440\u0438\u043c\u0435\u0440\u043d\u043e\u0435 \u0432\u0440\u0435\u043c\u044f \u0434\u043b\u044f \u0447\u0442\u0435\u043d\u0438\u044f":"2 \u043c\u0438\u043d\u0443\u0442\u044b"},"schema":{"@context":"https:\/\/schema.org","@graph":[{"@type":"WebPage","@id":"https:\/\/inconbau.listingprofis.site\/uber-uns\/","url":"https:\/\/inconbau.listingprofis.site\/uber-uns\/","name":"\u00dcber uns - Inconbau","isPartOf":{"@id":"https:\/\/inconbau.listingprofis.site\/#website"},"datePublished":"2023-03-27T23:27:35+00:00","dateModified":"2025-08-28T00:32:08+00:00","breadcrumb":{"@id":"https:\/\/inconbau.listingprofis.site\/uber-uns\/#breadcrumb"},"inLanguage":"ru-RU","potentialAction":[{"@type":"ReadAction","target":["https:\/\/inconbau.listingprofis.site\/uber-uns\/"]}]},{"@type":"BreadcrumbList","@id":"https:\/\/inconbau.listingprofis.site\/uber-uns\/#breadcrumb","itemListElement":[{"@type":"ListItem","position":1,"name":"Home","item":"https:\/\/inconbau.listingprofis.site\/"},{"@type":"ListItem","position":2,"name":"\u00dcber uns"}]},{"@type":"WebSite","@id":"https:\/\/inconbau.listingprofis.site\/#website","url":"https:\/\/inconbau.listingprofis.site\/","name":"Inconbau","description":"Ihr exklusiver Handwerker","publisher":{"@id":"https:\/\/inconbau.listingprofis.site\/#organization"},"potentialAction":[{"@type":"SearchAction","target":{"@type":"EntryPoint","urlTemplate":"https:\/\/inconbau.listingprofis.site\/?s={search_term_string}"},"query-input":{"@type":"PropertyValueSpecification","valueRequired":true,"valueName":"search_term_string"}}],"inLanguage":"ru-RU"},{"@type":"Organization","@id":"https:\/\/inconbau.listingprofis.site\/#organization","name":"Inconbau","url":"https:\/\/inconbau.listingprofis.site\/","logo":{"@type":"ImageObject","inLanguage":"ru-RU","@id":"https:\/\/inconbau.listingprofis.site\/#\/schema\/logo\/image\/","url":"https:\/\/inconbau.listingprofis.site\/wp-content\/uploads\/2023\/03\/horizontal-jpeg.jpg","contentUrl":"https:\/\/inconbau.listingprofis.site\/wp-content\/uploads\/2023\/03\/horizontal-jpeg.jpg","width":1054,"height":272,"caption":"Inconbau"},"image":{"@id":"https:\/\/inconbau.listingprofis.site\/#\/schema\/logo\/image\/"},"sameAs":["https:\/\/facebook.com\/InconBau\/","https:\/\/www.instagram.com\/inconbau\/"]}]}},"_links":{"self":[{"href":"https:\/\/inconbau.listingprofis.site\/ru\/wp-json\/wp\/v2\/pages\/7","targetHints":{"allow":["GET"]}}],"collection":[{"href":"https:\/\/inconbau.listingprofis.site\/ru\/wp-json\/wp\/v2\/pages"}],"about":[{"href":"https:\/\/inconbau.listingprofis.site\/ru\/wp-json\/wp\/v2\/types\/page"}],"author":[{"embeddable":true,"href":"https:\/\/inconbau.listingprofis.site\/ru\/wp-json\/wp\/v2\/users\/1"}],"replies":[{"embeddable":true,"href":"https:\/\/inconbau.listingprofis.site\/ru\/wp-json\/wp\/v2\/comments?post=7"}],"version-history":[{"count":14,"href":"https:\/\/inconbau.listingprofis.site\/ru\/wp-json\/wp\/v2\/pages\/7\/revisions"}],"predecessor-version":[{"id":788,"href":"https:\/\/inconbau.listingprofis.site\/ru\/wp-json\/wp\/v2\/pages\/7\/revisions\/788"}],"wp:attachment":[{"href":"https:\/\/inconbau.listingprofis.site\/ru\/wp-json\/wp\/v2\/media?parent=7"}],"curies":[{"name":"wp","href":"https:\/\/api.w.org\/{rel}","templated":true}]}}